{"id":1059,"date":"2025-04-28T03:32:00","date_gmt":"2025-04-28T01:32:00","guid":{"rendered":"https:\/\/www.regionalis.shop\/villa-erbse-bio-imkerei\/product\/bio-cremehonig-mit-kuerbiskern-vanill\/"},"modified":"2025-04-28T03:32:00","modified_gmt":"2025-04-28T01:32:00","slug":"bio-cremehonig-mit-kuerbiskern-vanill","status":"publish","type":"product","link":"https:\/\/www.regionalis.shop\/villa-erbse-bio-imkerei\/shop\/bio-cremehonig-mit-kuerbiskern-vanill\/","title":{"rendered":"Bio Cremehonig mit K\u00fcrbiskern &#038; Vanill"},"content":{"rendered":"<p>Die gr\u00fcne Freude: Fein gemahlene steirische K\u00fcrbiskerne treffen auf Vanille aus Madagaskar. Hochwertiges K\u00fcrbiskern\u00f6l rundet diese zart-nussige Kreation ab.<\/p>\n<p>Zutaten: \u00d6sterreichischer Cremehonig*, K\u00fcrbiskerne*, K\u00fcrbiskern\u00f6l*, Vanillepulver*, Salz (* Zutaten aus kontrollierter Bio-Landwirtschaft)<\/p>\n","protected":false},"excerpt":{"rendered":"<p>Die gr\u00fcne Freude: Fein gemahlene steirische K\u00fcrbiskerne treffen auf Vanille aus Madagaskar. Hochwertiges K\u00fcrbiskern\u00f6l rundet diese zart-nussige Kreation ab. Zutaten: \u00d6sterreichischer Cremehonig*, K\u00fcrbiskerne*, K\u00fcrbiskern\u00f6l*, Vanillepulver*, Salz (* Zutaten aus kontrollierter Bio-Landwirtschaft)<\/p>\n","protected":false},"featured_media":1060,"template":"","meta":{"_acf_changed":false},"product_brand":[],"product_cat":[145,69],"product_tag":[],"class_list":{"0":"post-1059","1":"product","2":"type-product","3":"status-publish","4":"has-post-thumbnail","6":"product_cat-honig","7":"product_cat-schmankerl-kulinarik","9":"first","10":"instock","11":"purchasable","12":"product-type-simple"},"acf":[],"_links":{"self":[{"href":"https:\/\/www.regionalis.shop\/villa-erbse-bio-imkerei\/wp-json\/wp\/v2\/product\/1059","targetHints":{"allow":["GET"]}}],"collection":[{"href":"https:\/\/www.regionalis.shop\/villa-erbse-bio-imkerei\/wp-json\/wp\/v2\/product"}],"about":[{"href":"https:\/\/www.regionalis.shop\/villa-erbse-bio-imkerei\/wp-json\/wp\/v2\/types\/product"}],"wp:featuredmedia":[{"embeddable":true,"href":"https:\/\/www.regionalis.shop\/villa-erbse-bio-imkerei\/wp-json\/wp\/v2\/media\/1060"}],"wp:attachment":[{"href":"https:\/\/www.regionalis.shop\/villa-erbse-bio-imkerei\/wp-json\/wp\/v2\/media?parent=1059"}],"wp:term":[{"taxonomy":"product_brand","embeddable":true,"href":"https:\/\/www.regionalis.shop\/villa-erbse-bio-imkerei\/wp-json\/wp\/v2\/product_brand?post=1059"},{"taxonomy":"product_cat","embeddable":true,"href":"https:\/\/www.regionalis.shop\/villa-erbse-bio-imkerei\/wp-json\/wp\/v2\/product_cat?post=1059"},{"taxonomy":"product_tag","embeddable":true,"href":"https:\/\/www.regionalis.shop\/villa-erbse-bio-imkerei\/wp-json\/wp\/v2\/product_tag?post=1059"}],"curies":[{"name":"wp","href":"https:\/\/api.w.org\/{rel}","templated":true}]}}