{"id":1066,"date":"2025-04-28T03:32:00","date_gmt":"2025-04-28T01:32:00","guid":{"rendered":"https:\/\/www.regionalis.shop\/villa-erbse-bio-imkerei\/product\/bio-cremehonig-250g\/"},"modified":"2025-04-28T03:32:00","modified_gmt":"2025-04-28T01:32:00","slug":"bio-cremehonig-250g","status":"publish","type":"product","link":"https:\/\/www.regionalis.shop\/villa-erbse-bio-imkerei\/shop\/bio-cremehonig-250g\/","title":{"rendered":"Bio Cremehonig 250g"},"content":{"rendered":"<p>100% \u00f6sterreichischer Bio-Bl\u00fctenhonig aus eigener Erzeugung, cremig ger\u00fchrt. Cremehonig braucht Zeit, damit wir nachher mehr Zeit haben ihn zu vernaschen. Wir f\u00fcllen ihn in ein R\u00fchrger\u00e4t, welches mehrmals am Tag f\u00fcr ca. 15 Minuten den Honig schonend r\u00fchrt. Dabei werden die feinen Kristalle, die sich mit der Zeit im Honig von selbst bilden, gegeneinander &#8222;abgeschliffen&#8220;, wodurch diese cremige Konsistenz entsteht. <\/p>\n<p>Wer sein Fr\u00fchst\u00fccksbrot gerne langsam isst, f\u00fcr den ist Cremehonig genau das Richtige. Die samtig-buttrige Konsistenz hinterl\u00e4sst nicht nur ein tolles Gef\u00fchl am Gaumen, besonders Kinder lieben es vom Cremehonig zu naschen. Auch der Nektar f\u00fcr unseren Cremehonig wird von den Villa Erbse Bienen auf verschiedenen Standorten in Wien und Umgebung gesammelt.<\/p>\n","protected":false},"excerpt":{"rendered":"<p>100% \u00f6sterreichischer Bio-Bl\u00fctenhonig aus eigener Erzeugung, cremig ger\u00fchrt. Cremehonig braucht Zeit, damit wir nachher mehr Zeit haben ihn zu vernaschen. Wir f\u00fcllen ihn in ein R\u00fchrger\u00e4t, welches mehrmals am Tag f\u00fcr ca. 15 Minuten den Honig schonend r\u00fchrt. Dabei werden die feinen Kristalle, die sich mit der Zeit im Honig von selbst bilden, gegeneinander &#8222;abgeschliffen&#8220;, &hellip; <a href=\"https:\/\/www.regionalis.shop\/villa-erbse-bio-imkerei\/shop\/bio-cremehonig-250g\/\">Continued<\/a><\/p>\n","protected":false},"featured_media":1067,"template":"","meta":{"_acf_changed":false},"product_brand":[],"product_cat":[145,69],"product_tag":[],"class_list":{"0":"post-1066","1":"product","2":"type-product","3":"status-publish","4":"has-post-thumbnail","6":"product_cat-honig","7":"product_cat-schmankerl-kulinarik","9":"first","10":"instock","11":"purchasable","12":"product-type-simple"},"acf":[],"_links":{"self":[{"href":"https:\/\/www.regionalis.shop\/villa-erbse-bio-imkerei\/wp-json\/wp\/v2\/product\/1066","targetHints":{"allow":["GET"]}}],"collection":[{"href":"https:\/\/www.regionalis.shop\/villa-erbse-bio-imkerei\/wp-json\/wp\/v2\/product"}],"about":[{"href":"https:\/\/www.regionalis.shop\/villa-erbse-bio-imkerei\/wp-json\/wp\/v2\/types\/product"}],"wp:featuredmedia":[{"embeddable":true,"href":"https:\/\/www.regionalis.shop\/villa-erbse-bio-imkerei\/wp-json\/wp\/v2\/media\/1067"}],"wp:attachment":[{"href":"https:\/\/www.regionalis.shop\/villa-erbse-bio-imkerei\/wp-json\/wp\/v2\/media?parent=1066"}],"wp:term":[{"taxonomy":"product_brand","embeddable":true,"href":"https:\/\/www.regionalis.shop\/villa-erbse-bio-imkerei\/wp-json\/wp\/v2\/product_brand?post=1066"},{"taxonomy":"product_cat","embeddable":true,"href":"https:\/\/www.regionalis.shop\/villa-erbse-bio-imkerei\/wp-json\/wp\/v2\/product_cat?post=1066"},{"taxonomy":"product_tag","embeddable":true,"href":"https:\/\/www.regionalis.shop\/villa-erbse-bio-imkerei\/wp-json\/wp\/v2\/product_tag?post=1066"}],"curies":[{"name":"wp","href":"https:\/\/api.w.org\/{rel}","templated":true}]}}