{"id":1070,"date":"2025-04-18T05:06:20","date_gmt":"2025-04-18T03:06:20","guid":{"rendered":"https:\/\/www.regionalis.shop\/villa-erbse-bio-imkerei\/product\/bio-cremehonig-mit-lebkuchengewuerz\/"},"modified":"2025-04-18T05:06:20","modified_gmt":"2025-04-18T03:06:20","slug":"bio-cremehonig-mit-lebkuchengewuerz","status":"publish","type":"product","link":"https:\/\/www.regionalis.shop\/villa-erbse-bio-imkerei\/shop\/bio-cremehonig-mit-lebkuchengewuerz\/","title":{"rendered":"Bio Cremehonig mit Lebkuchengew\u00fcrz"},"content":{"rendered":"<p>Die pure Weihnachtsfreude. Ein Glas voller duftender Gew\u00fcrze. Nur f\u00fcr kurze Zeit verf\u00fcgbar.<\/p>\n<p>Zutaten: \u00d6sterreichischer Cremehonig, Lebkuchengew\u00fcrz (Cassia-Zimt, Anis, Nelken, Kardamom, Koriander) (Zutaten aus kontrollierter Bio-Landwirtschaft)<\/p>\n","protected":false},"excerpt":{"rendered":"<p>Die pure Weihnachtsfreude. Ein Glas voller duftender Gew\u00fcrze. Nur f\u00fcr kurze Zeit verf\u00fcgbar. Zutaten: \u00d6sterreichischer Cremehonig, Lebkuchengew\u00fcrz (Cassia-Zimt, Anis, Nelken, Kardamom, Koriander) (Zutaten aus kontrollierter Bio-Landwirtschaft)<\/p>\n","protected":false},"featured_media":1071,"template":"","meta":{"_acf_changed":false},"product_brand":[],"product_cat":[145,69],"product_tag":[],"class_list":{"0":"post-1070","1":"product","2":"type-product","3":"status-publish","4":"has-post-thumbnail","6":"product_cat-honig","7":"product_cat-schmankerl-kulinarik","9":"first","10":"instock","11":"purchasable","12":"product-type-simple"},"acf":[],"_links":{"self":[{"href":"https:\/\/www.regionalis.shop\/villa-erbse-bio-imkerei\/wp-json\/wp\/v2\/product\/1070","targetHints":{"allow":["GET"]}}],"collection":[{"href":"https:\/\/www.regionalis.shop\/villa-erbse-bio-imkerei\/wp-json\/wp\/v2\/product"}],"about":[{"href":"https:\/\/www.regionalis.shop\/villa-erbse-bio-imkerei\/wp-json\/wp\/v2\/types\/product"}],"wp:featuredmedia":[{"embeddable":true,"href":"https:\/\/www.regionalis.shop\/villa-erbse-bio-imkerei\/wp-json\/wp\/v2\/media\/1071"}],"wp:attachment":[{"href":"https:\/\/www.regionalis.shop\/villa-erbse-bio-imkerei\/wp-json\/wp\/v2\/media?parent=1070"}],"wp:term":[{"taxonomy":"product_brand","embeddable":true,"href":"https:\/\/www.regionalis.shop\/villa-erbse-bio-imkerei\/wp-json\/wp\/v2\/product_brand?post=1070"},{"taxonomy":"product_cat","embeddable":true,"href":"https:\/\/www.regionalis.shop\/villa-erbse-bio-imkerei\/wp-json\/wp\/v2\/product_cat?post=1070"},{"taxonomy":"product_tag","embeddable":true,"href":"https:\/\/www.regionalis.shop\/villa-erbse-bio-imkerei\/wp-json\/wp\/v2\/product_tag?post=1070"}],"curies":[{"name":"wp","href":"https:\/\/api.w.org\/{rel}","templated":true}]}}