{"id":3,"date":"2023-10-31T09:02:46","date_gmt":"2023-10-31T09:02:46","guid":{"rendered":"https:\/\/stage.shop-it.at\/?page_id=3"},"modified":"2025-10-23T16:29:26","modified_gmt":"2025-10-23T14:29:26","slug":"datenschutzerklarung","status":"publish","type":"page","link":"https:\/\/www.regionalis.shop\/von-der-natur-inspiriert\/datenschutzerklarung\/","title":{"rendered":"Datenschutzerkl\u00e4rung"},"content":{"rendered":"<section>\n            <p>VON DER NATUR INSPIRIERT ist ein holistischer Jahresplaner, der Innen und Au\u00dfen verbindet. Er ist Naturkompass, Bullet Journal \/ Notizbuch und Kalender in einem. Erfahre die heilsame Wirkung der Natur, lerne dich selbst besser kennen &#038; plane Termine.<\/p>\n<p>Die zw\u00f6lf Pflanzenportraits inspirieren dich die Natur bewusst &#038; aufmerksam zu beobachten. Entschleunigende, entstressende &#038; heilsame Wirkung garantiert. Das Bullet Journal unterst\u00fctzt dich, dich selbst zu organisieren, zu motivieren und besser kennenzulernen. Der Planungsteil erfasst deine Termine und todos. Zu jedem Planer gibt es eine Sammlung an wirkungsvollen Achtsamkeits\u00fcbungen. Gute Planung, Organisation und Motivation bedeutet, mehr Zeit die Natur zu erleben. Hole dir f\u00fcr 2024 ein Exemplar der limitierten Auflage von 1000 St\u00fcck.<\/p>\n\n    <\/section>","protected":false},"excerpt":{"rendered":"","protected":false},"author":1,"featured_media":0,"parent":0,"menu_order":0,"comment_status":"closed","ping_status":"closed","template":"","meta":{"_acf_changed":false,"footnotes":""},"class_list":["post-3","page","type-page","status-publish","hentry"],"acf":[],"_links":{"self":[{"href":"https:\/\/www.regionalis.shop\/von-der-natur-inspiriert\/wp-json\/wp\/v2\/pages\/3","targetHints":{"allow":["GET"]}}],"collection":[{"href":"https:\/\/www.regionalis.shop\/von-der-natur-inspiriert\/wp-json\/wp\/v2\/pages"}],"about":[{"href":"https:\/\/www.regionalis.shop\/von-der-natur-inspiriert\/wp-json\/wp\/v2\/types\/page"}],"author":[{"embeddable":true,"href":"https:\/\/www.regionalis.shop\/von-der-natur-inspiriert\/wp-json\/wp\/v2\/users\/1"}],"replies":[{"embeddable":true,"href":"https:\/\/www.regionalis.shop\/von-der-natur-inspiriert\/wp-json\/wp\/v2\/comments?post=3"}],"version-history":[{"count":4,"href":"https:\/\/www.regionalis.shop\/von-der-natur-inspiriert\/wp-json\/wp\/v2\/pages\/3\/revisions"}],"predecessor-version":[{"id":1047,"href":"https:\/\/www.regionalis.shop\/von-der-natur-inspiriert\/wp-json\/wp\/v2\/pages\/3\/revisions\/1047"}],"wp:attachment":[{"href":"https:\/\/www.regionalis.shop\/von-der-natur-inspiriert\/wp-json\/wp\/v2\/media?parent=3"}],"curies":[{"name":"wp","href":"https:\/\/api.w.org\/{rel}","templated":true}]}}