{"id":862,"date":"2025-05-24T13:44:06","date_gmt":"2025-05-24T11:44:06","guid":{"rendered":"https:\/\/starter.stage.shop-it.at\/?page_id=862"},"modified":"2025-10-23T15:21:37","modified_gmt":"2025-10-23T13:21:37","slug":"startseite","status":"publish","type":"page","link":"https:\/\/www.regionalis.shop\/von-der-natur-inspiriert\/","title":{"rendered":"Startseite"},"content":{"rendered":"<section>\n        <div class=\"header-image\">\n            <img decoding=\"async\" src=\"https:\/\/www.regionalis.shop\/app\/uploads\/sites\/629\/6116_2022_12_15_17_24_26_638515108.png\" alt=\"\">\n        <\/div>\n    \n    <\/section>\n    <section>\n    <div class=\"header-title\">\n        <h1 class=\"h2\">Willkommen bei VON DER NATUR INSPIRIERT<\/h1>\n    <\/div>\n            <h2 class=\"h3\">Handgemacht in Maria Enzersdorf<\/h2>\n                <p>VON DER NATUR INSPIRIERT ist ein holistischer Jahresplaner, der Innen und Au\u00dfen verbindet. Er ist Naturkompass, Bullet Journal \/ Notizbuch und Kalender in einem. Erfahre die heilsame Wirkung der Natur, lerne dich selbst besser kennen &#038; plane Termine.<\/p>\n<p>Die zw\u00f6lf Pflanzenportraits inspirieren dich die Natur bewusst &#038; aufmerksam zu beobachten. Entschleunigende, entstressende &#038; heilsame Wirkung garantiert. Das Bullet Journal unterst\u00fctzt dich, dich selbst zu organisieren, zu motivieren und besser kennenzulernen. Der Planungsteil erfasst deine Termine und todos. Zu jedem Planer gibt es eine Sammlung an wirkungsvollen Achtsamkeits\u00fcbungen. Gute Planung, Organisation und Motivation bedeutet, mehr Zeit die Natur zu erleben. Hole dir f\u00fcr 2024 ein Exemplar der limitierten Auflage von 1000 St\u00fcck.<\/p>\n\n    \n    <h3>Produkte<\/h3>\n\n    <div class=\"woocommerce columns-3 \"><ul class=\"products columns-3\">\n<li class=\"product type-product post-1055 status-publish first instock product_cat-wohndekoration product_cat-wohnen-deko has-post-thumbnail purchasable product-type-simple\">\n\t<a href=\"https:\/\/www.regionalis.shop\/von-der-natur-inspiriert\/shop\/poster-phaenologischer-fruehling-din-a3\/\" class=\"woocommerce-LoopProduct-link woocommerce-loop-product__link\"><div class=\"wc-block-grid__product-image\"><img loading=\"lazy\" decoding=\"async\" width=\"1024\" height=\"1024\" src=\"https:\/\/www.regionalis.shop\/app\/uploads\/sites\/629\/6116_2022_12_08_21_27_18_737918510.png\" class=\"attachment-large size-large\" alt=\"Poster Ph\u00e4nologischer Fr\u00fchling - DIN A3\" srcset=\"https:\/\/www.regionalis.shop\/app\/uploads\/sites\/629\/6116_2022_12_08_21_27_18_737918510.png 1024w, https:\/\/www.regionalis.shop\/app\/uploads\/sites\/629\/6116_2022_12_08_21_27_18_737918510-300x300.png 300w, https:\/\/www.regionalis.shop\/app\/uploads\/sites\/629\/6116_2022_12_08_21_27_18_737918510-150x150.png 150w, https:\/\/www.regionalis.shop\/app\/uploads\/sites\/629\/6116_2022_12_08_21_27_18_737918510-768x768.png 768w, https:\/\/www.regionalis.shop\/app\/uploads\/sites\/629\/6116_2022_12_08_21_27_18_737918510-600x600.png 600w, https:\/\/www.regionalis.shop\/app\/uploads\/sites\/629\/6116_2022_12_08_21_27_18_737918510-100x100.png 100w\" sizes=\"auto, (max-width: 1024px) 100vw, 1024px\" \/><\/div><h2 class=\"woocommerce-loop-product__title\">Poster Ph\u00e4nologischer Fr\u00fchling &#8211; DIN A3<\/h2>\n\t<span class=\"price\"><span class=\"woocommerce-Price-amount amount\"><bdi>14,40&nbsp;<span class=\"woocommerce-Price-currencySymbol\">&euro;<\/span><\/bdi><\/span><\/span>\n<\/a><\/li>\n<li class=\"product type-product post-1052 status-publish instock product_cat-notizhefte-skizzenbuecher product_cat-papeterie-schreibwaren has-post-thumbnail purchasable product-type-simple\">\n\t<a href=\"https:\/\/www.regionalis.shop\/von-der-natur-inspiriert\/shop\/notizheft-phaenologischer-herbst-din-a5\/\" class=\"woocommerce-LoopProduct-link woocommerce-loop-product__link\"><div class=\"wc-block-grid__product-image\"><img loading=\"lazy\" decoding=\"async\" width=\"1024\" height=\"1024\" src=\"https:\/\/www.regionalis.shop\/app\/uploads\/sites\/629\/6116_2022_12_08_19_32_49_778919243.png\" class=\"attachment-large size-large\" alt=\"Notizheft ph\u00e4nologischer Herbst - DIN A5\" srcset=\"https:\/\/www.regionalis.shop\/app\/uploads\/sites\/629\/6116_2022_12_08_19_32_49_778919243.png 1024w, https:\/\/www.regionalis.shop\/app\/uploads\/sites\/629\/6116_2022_12_08_19_32_49_778919243-300x300.png 300w, https:\/\/www.regionalis.shop\/app\/uploads\/sites\/629\/6116_2022_12_08_19_32_49_778919243-150x150.png 150w, https:\/\/www.regionalis.shop\/app\/uploads\/sites\/629\/6116_2022_12_08_19_32_49_778919243-768x768.png 768w, https:\/\/www.regionalis.shop\/app\/uploads\/sites\/629\/6116_2022_12_08_19_32_49_778919243-600x600.png 600w, https:\/\/www.regionalis.shop\/app\/uploads\/sites\/629\/6116_2022_12_08_19_32_49_778919243-100x100.png 100w\" sizes=\"auto, (max-width: 1024px) 100vw, 1024px\" \/><\/div><h2 class=\"woocommerce-loop-product__title\">Notizheft ph\u00e4nologischer Herbst &#8211; DIN A5<\/h2>\n\t<span class=\"price\"><span class=\"woocommerce-Price-amount amount\"><bdi>6,40&nbsp;<span class=\"woocommerce-Price-currencySymbol\">&euro;<\/span><\/bdi><\/span><\/span>\n<\/a><\/li>\n<\/ul>\n<\/div>\n    <p>\n        <a href=\"https:\/\/www.regionalis.shop\/von-der-natur-inspiriert\/shop\/\" class=\"btn btn-primary btn-icon-right\">\n            Alle Produkte <i class=\"bi bi-arrow-right-short\"><\/i>\n        <\/a>\n    <\/p>\n<\/section>\n\n<div data-block-name=\"woocommerce\/store-notices\" class=\"wc-block-store-notices woocommerce alignwide alignwide wp-block-woocommerce-store-notices\"><div class=\"woocommerce-notices-wrapper\"><\/div><\/div>","protected":false},"excerpt":{"rendered":"","protected":false},"author":1,"featured_media":0,"parent":0,"menu_order":0,"comment_status":"closed","ping_status":"closed","template":"template-home.blade.php","meta":{"_acf_changed":false,"footnotes":""},"class_list":["post-862","page","type-page","status-publish","hentry"],"acf":[],"_links":{"self":[{"href":"https:\/\/www.regionalis.shop\/von-der-natur-inspiriert\/wp-json\/wp\/v2\/pages\/862","targetHints":{"allow":["GET"]}}],"collection":[{"href":"https:\/\/www.regionalis.shop\/von-der-natur-inspiriert\/wp-json\/wp\/v2\/pages"}],"about":[{"href":"https:\/\/www.regionalis.shop\/von-der-natur-inspiriert\/wp-json\/wp\/v2\/types\/page"}],"author":[{"embeddable":true,"href":"https:\/\/www.regionalis.shop\/von-der-natur-inspiriert\/wp-json\/wp\/v2\/users\/1"}],"replies":[{"embeddable":true,"href":"https:\/\/www.regionalis.shop\/von-der-natur-inspiriert\/wp-json\/wp\/v2\/comments?post=862"}],"version-history":[{"count":28,"href":"https:\/\/www.regionalis.shop\/von-der-natur-inspiriert\/wp-json\/wp\/v2\/pages\/862\/revisions"}],"predecessor-version":[{"id":1041,"href":"https:\/\/www.regionalis.shop\/von-der-natur-inspiriert\/wp-json\/wp\/v2\/pages\/862\/revisions\/1041"}],"wp:attachment":[{"href":"https:\/\/www.regionalis.shop\/von-der-natur-inspiriert\/wp-json\/wp\/v2\/media?parent=862"}],"curies":[{"name":"wp","href":"https:\/\/api.w.org\/{rel}","templated":true}]}}