{"id":1055,"date":"2025-04-18T09:09:37","date_gmt":"2025-04-18T07:09:37","guid":{"rendered":"https:\/\/www.regionalis.shop\/von-der-natur-inspiriert\/product\/poster-phaenologischer-fruehling-din-a3\/"},"modified":"2025-04-18T09:09:37","modified_gmt":"2025-04-18T07:09:37","slug":"poster-phaenologischer-fruehling-din-a3","status":"publish","type":"product","link":"https:\/\/www.regionalis.shop\/von-der-natur-inspiriert\/shop\/poster-phaenologischer-fruehling-din-a3\/","title":{"rendered":"Poster Ph\u00e4nologischer Fr\u00fchling &#8211; DIN A3"},"content":{"rendered":"<p>&#8211;Die ph\u00e4nologischen Jahreszeiten f\u00fcr dein Zuhause&#8211;<\/p>\n<p>Dieses Poster inspriert dich dazu die Natur aufmerksam und bewusst zu beobachten. Hast du gewusst, dass sich sich anhand von bestimmten Pflanzen der Start von Vor-, Erst- und Vollfr\u00fchling bestimmen l\u00e4sst? Genau das bildet dieses Poster ab: Die drei Zeigerpflanzen des ph\u00e4nologischen Fr\u00fchlings.<\/p>\n<p>&#8211;Ein guter Grund um spazierend die Natur bewusst zu beobachten&#8211;<\/p>\n<p>Brauchst du einen Grund \u00f6fter spazieren zu gehen? Beobachtest du gerne die Natur und ihre Pflanzen? Oder w\u00fcnscht du dir einfach etwas Entschleunigung im Alltag? Wenn du mindestens eine der Fragen mit \u201cja!\u201d beantwortet hast, dann sind diese Poster das Richtige f\u00fcr dich.<\/p>\n<p>&#8211;Format:&#8211; DIN A3 (29,7 x 42,0 cm)<br \/>\n&#8211;Material:&#8211; Impact natural 170 g\/m\u00b2<br \/>\ngedruckt nach der Richtlinie \u201cDruckerzeugnisse\u201d des \u00d6sterreichischen Umweltzeichens auf 100% Recyclingpapie<\/p>\n<p>&#8211;Mit deinem Einkauf hilfst du uns Gutes zu tun&#8211;<\/p>\n<p>Unsere Poster und Papierwaren inspirieren dazu die Natur aufmerksam und bewusst wahrzunehmen. Sie unterst\u00fctzen bei der Entschleunigung des Jahres, bilden den Rhythmus der Natur ab und verbinden mit altem Wissen. Alle Produkte bestehen aus Altmaterial bzw. nachhaltigen Ressourcen und werden in \u00d6sterreich produziert. Mit einem Teil der Einnahmen unterst\u00fctzen wir 2022 Wohllebens Wald und Wildnis gGmbH und den Katzenschutzverein Tigerhausen.<\/p>\n","protected":false},"excerpt":{"rendered":"<p>&#8211;Die ph\u00e4nologischen Jahreszeiten f\u00fcr dein Zuhause&#8211; Dieses Poster inspriert dich dazu die Natur aufmerksam und bewusst zu beobachten. Hast du gewusst, dass sich sich anhand von bestimmten Pflanzen der Start von Vor-, Erst- und Vollfr\u00fchling bestimmen l\u00e4sst? Genau das bildet dieses Poster ab: Die drei Zeigerpflanzen des ph\u00e4nologischen Fr\u00fchlings. &#8211;Ein guter Grund um spazierend die &hellip; <a href=\"https:\/\/www.regionalis.shop\/von-der-natur-inspiriert\/shop\/poster-phaenologischer-fruehling-din-a3\/\">Continued<\/a><\/p>\n","protected":false},"featured_media":1056,"template":"","meta":{"_acf_changed":false},"product_brand":[],"product_cat":[174,103],"product_tag":[],"class_list":{"0":"post-1055","1":"product","2":"type-product","3":"status-publish","4":"has-post-thumbnail","6":"product_cat-wohndekoration","7":"product_cat-wohnen-deko","9":"first","10":"instock","11":"purchasable","12":"product-type-simple"},"acf":[],"_links":{"self":[{"href":"https:\/\/www.regionalis.shop\/von-der-natur-inspiriert\/wp-json\/wp\/v2\/product\/1055","targetHints":{"allow":["GET"]}}],"collection":[{"href":"https:\/\/www.regionalis.shop\/von-der-natur-inspiriert\/wp-json\/wp\/v2\/product"}],"about":[{"href":"https:\/\/www.regionalis.shop\/von-der-natur-inspiriert\/wp-json\/wp\/v2\/types\/product"}],"wp:featuredmedia":[{"embeddable":true,"href":"https:\/\/www.regionalis.shop\/von-der-natur-inspiriert\/wp-json\/wp\/v2\/media\/1056"}],"wp:attachment":[{"href":"https:\/\/www.regionalis.shop\/von-der-natur-inspiriert\/wp-json\/wp\/v2\/media?parent=1055"}],"wp:term":[{"taxonomy":"product_brand","embeddable":true,"href":"https:\/\/www.regionalis.shop\/von-der-natur-inspiriert\/wp-json\/wp\/v2\/product_brand?post=1055"},{"taxonomy":"product_cat","embeddable":true,"href":"https:\/\/www.regionalis.shop\/von-der-natur-inspiriert\/wp-json\/wp\/v2\/product_cat?post=1055"},{"taxonomy":"product_tag","embeddable":true,"href":"https:\/\/www.regionalis.shop\/von-der-natur-inspiriert\/wp-json\/wp\/v2\/product_tag?post=1055"}],"curies":[{"name":"wp","href":"https:\/\/api.w.org\/{rel}","templated":true}]}}