{"id":1056,"date":"2025-04-18T09:43:08","date_gmt":"2025-04-18T07:43:08","guid":{"rendered":"https:\/\/www.regionalis.shop\/waldklee\/product\/sternenstaub-auf-leinwand-karton\/"},"modified":"2026-04-11T10:20:49","modified_gmt":"2026-04-11T08:20:49","slug":"sternenstaub-auf-leinwand-karton","status":"publish","type":"product","link":"https:\/\/www.regionalis.shop\/waldklee\/shop\/sternenstaub-auf-leinwand-karton\/","title":{"rendered":"Sternenstaub auf Leinwand Karton"},"content":{"rendered":"<p>Handgemaltes abstraktes <strong>Acrylbild <\/strong><em>Sternenstaub<\/em> auf Leinwandkarton (Malkarton) inkl. schwarzem Rahmen, verwendete Farben f\u00fcr den Sternenhimmel: schwarz, blau, magenta, wei\u00df, gelb<br \/>\nMa\u00dfe Bild: 18x24cm<br \/>\nMa\u00dfe Rahmen au\u00dfen: 22x28cm<\/p>\n","protected":false},"excerpt":{"rendered":"<p>Handgemaltes abstraktes Acrylbild Sternenstaub auf Leinwandkarton (Malkarton) inkl. schwarzem Rahmen, verwendete Farben f\u00fcr den Sternenhimmel: schwarz, blau, magenta, wei\u00df, gelb Ma\u00dfe Bild: 18x24cm Ma\u00dfe Rahmen au\u00dfen: 22x28cm<\/p>\n","protected":false},"featured_media":1057,"template":"","meta":{"_acf_changed":false},"product_brand":[],"product_cat":[174,103],"product_tag":[],"class_list":{"0":"post-1056","1":"product","2":"type-product","3":"status-publish","4":"has-post-thumbnail","6":"product_cat-wohndekoration","7":"product_cat-wohnen-deko","9":"first","10":"instock","11":"purchasable","12":"product-type-simple"},"acf":[],"_links":{"self":[{"href":"https:\/\/www.regionalis.shop\/waldklee\/wp-json\/wp\/v2\/product\/1056","targetHints":{"allow":["GET"]}}],"collection":[{"href":"https:\/\/www.regionalis.shop\/waldklee\/wp-json\/wp\/v2\/product"}],"about":[{"href":"https:\/\/www.regionalis.shop\/waldklee\/wp-json\/wp\/v2\/types\/product"}],"wp:featuredmedia":[{"embeddable":true,"href":"https:\/\/www.regionalis.shop\/waldklee\/wp-json\/wp\/v2\/media\/1057"}],"wp:attachment":[{"href":"https:\/\/www.regionalis.shop\/waldklee\/wp-json\/wp\/v2\/media?parent=1056"}],"wp:term":[{"taxonomy":"product_brand","embeddable":true,"href":"https:\/\/www.regionalis.shop\/waldklee\/wp-json\/wp\/v2\/product_brand?post=1056"},{"taxonomy":"product_cat","embeddable":true,"href":"https:\/\/www.regionalis.shop\/waldklee\/wp-json\/wp\/v2\/product_cat?post=1056"},{"taxonomy":"product_tag","embeddable":true,"href":"https:\/\/www.regionalis.shop\/waldklee\/wp-json\/wp\/v2\/product_tag?post=1056"}],"curies":[{"name":"wp","href":"https:\/\/api.w.org\/{rel}","templated":true}]}}