{"id":1066,"date":"2026-04-11T10:36:24","date_gmt":"2026-04-11T08:36:24","guid":{"rendered":"https:\/\/www.regionalis.shop\/waldklee\/?post_type=product&#038;p=1066"},"modified":"2026-04-11T10:36:29","modified_gmt":"2026-04-11T08:36:29","slug":"achtsamkeit-dankbarkeit-das-tagebuch","status":"publish","type":"product","link":"https:\/\/www.regionalis.shop\/waldklee\/shop\/achtsamkeit-dankbarkeit-das-tagebuch\/","title":{"rendered":"Achtsamkeit &amp; Dankbarkeit &#8211; Das Tagebuch"},"content":{"rendered":"<p>\u2728 Mehr Achtsamkeit und innere Ruhe \u2013 jeden Abend! \u2728<br \/>\nIn der Hektik unseres Alltags gehen die kleinen, wertvollen Momente oft verloren. Mit meinem selbst gestalteten Dankbarkeitstagebuch f\u00fcr den Abend hast du die Chance, deinen Tag ganz bewusst zu reflektieren und deinen Fokus auf das Positive zu lenken. \ud83d\udc96<br \/>\nDurch t\u00e4gliche Eintr\u00e4ge st\u00e4rkst du deine Achtsamkeit, f\u00f6rderst dein Wohlbefinden und entwickelst eine dankbare Haltung gegen\u00fcber dem Leben. Gib dir selbst jeden Abend ein paar Minuten, um innezuhalten, zu entspannen und die sch\u00f6nen Momente des Tages zu sch\u00e4tzen. \ud83c\udf19<br \/>\nWas dich erwartet:<br \/>\n\u2022 \ud83c\udf38 \u00dcber 100 Eintr\u00e4ge f\u00fcr deine t\u00e4glichen Abendrituale<br \/>\n\u2022 \ud83d\udcd8 Softcover &#8211; 128 Seiten voller Inspiration und Achtsamkeit<br \/>\n\u2022 \u270d\ufe0f Handliches Format (5,5 x 8,5 Zoll) (ca. 13,97 x 21,59cm) \u00a0 \u00a0\u2013 ideal f\u00fcr dein Nachttisch oder die Tasche<br \/>\n\u2022 \ud83d\udc86 Entspannung und innerer Frieden als Abendroutine<br \/>\n\u2022 \ud83c\udf05 Kein Zeitdruck am Morgen \u2013 dieses Tagebuch ist speziell f\u00fcr abends gemacht!<br \/>\nStarte heute deinen Weg zu mehr Achtsamkeit und entdecke die Kraft der Dankbarkeit! \ud83d\udcab<\/p>\n","protected":false},"excerpt":{"rendered":"<p>Das Tagebuch, Achtsamkeit &amp; Dankbarkeit, Mein Abendritual, Dankbarkeitstagebuch, Achtsamkeitstagebuch<\/p>\n","protected":false},"featured_media":1063,"template":"","meta":{"_acf_changed":false},"product_brand":[],"product_cat":[18],"product_tag":[],"class_list":{"0":"post-1066","1":"product","2":"type-product","3":"status-publish","4":"has-post-thumbnail","6":"product_cat-uncategorised","8":"first","9":"instock","10":"purchasable","11":"product-type-simple"},"acf":[],"_links":{"self":[{"href":"https:\/\/www.regionalis.shop\/waldklee\/wp-json\/wp\/v2\/product\/1066","targetHints":{"allow":["GET"]}}],"collection":[{"href":"https:\/\/www.regionalis.shop\/waldklee\/wp-json\/wp\/v2\/product"}],"about":[{"href":"https:\/\/www.regionalis.shop\/waldklee\/wp-json\/wp\/v2\/types\/product"}],"wp:featuredmedia":[{"embeddable":true,"href":"https:\/\/www.regionalis.shop\/waldklee\/wp-json\/wp\/v2\/media\/1063"}],"wp:attachment":[{"href":"https:\/\/www.regionalis.shop\/waldklee\/wp-json\/wp\/v2\/media?parent=1066"}],"wp:term":[{"taxonomy":"product_brand","embeddable":true,"href":"https:\/\/www.regionalis.shop\/waldklee\/wp-json\/wp\/v2\/product_brand?post=1066"},{"taxonomy":"product_cat","embeddable":true,"href":"https:\/\/www.regionalis.shop\/waldklee\/wp-json\/wp\/v2\/product_cat?post=1066"},{"taxonomy":"product_tag","embeddable":true,"href":"https:\/\/www.regionalis.shop\/waldklee\/wp-json\/wp\/v2\/product_tag?post=1066"}],"curies":[{"name":"wp","href":"https:\/\/api.w.org\/{rel}","templated":true}]}}