{"id":1065,"date":"2025-04-18T02:37:59","date_gmt":"2025-04-18T00:37:59","guid":{"rendered":"https:\/\/www.regionalis.shop\/weingut-martinshof-michael-martin\/product\/2020-friends\/"},"modified":"2025-04-18T02:37:59","modified_gmt":"2025-04-18T00:37:59","slug":"2020-friends","status":"publish","type":"product","link":"https:\/\/www.regionalis.shop\/weingut-martinshof-michael-martin\/shop\/2020-friends\/","title":{"rendered":"2020 FRIENDS"},"content":{"rendered":"<p>Die Idee:<br \/>\n\u201eOur best reds connecting friends\u201c \u2013 that\u00b4s the idea.<\/p>\n<p>Wir reiften unsere Weine getrennt in neuen Eichenf\u00e4ssern. Die besten Rotweine des Jahrganges werden vor der Abf\u00fcllung zusammengefasst.<\/p>\n<p>\u201eFRIENDS\u201c ein Rotwein, bei dem nicht die Sorte im Vordergrund steht, sondern die St\u00e4rken zweier Freunde. Dies ergibt einen dichten, komplexen und harmonischen Rotwein.<\/p>\n<p>Weinbeschreibung:<br \/>\nKr\u00e4ftiger Duft mit intensivem Kirscharoma, leichte R\u00f6staromen, beerige und paprizi\u00f6se Ankl\u00e4nge, sowie von Kaffee und Schoko; am Gaumen Beerenfrucht, weicher Gerbstoff gibt dem Wein Struktur.<\/p>\n<p>13,0% Vol 4,5g\/l RZ 5,3%o S\u00e4ure<\/p>\n<p>15,70 EUR<br \/>\njetzt bestellen<\/p>\n","protected":false},"excerpt":{"rendered":"<p>Die Idee: \u201eOur best reds connecting friends\u201c \u2013 that\u00b4s the idea. Wir reiften unsere Weine getrennt in neuen Eichenf\u00e4ssern. Die besten Rotweine des Jahrganges werden vor der Abf\u00fcllung zusammengefasst. \u201eFRIENDS\u201c ein Rotwein, bei dem nicht die Sorte im Vordergrund steht, sondern die St\u00e4rken zweier Freunde. Dies ergibt einen dichten, komplexen und harmonischen Rotwein. Weinbeschreibung: Kr\u00e4ftiger &hellip; <a href=\"https:\/\/www.regionalis.shop\/weingut-martinshof-michael-martin\/shop\/2020-friends\/\">Continued<\/a><\/p>\n","protected":false},"featured_media":1066,"template":"","meta":{"_acf_changed":false},"product_brand":[],"product_cat":[69,102],"product_tag":[],"class_list":{"0":"post-1065","1":"product","2":"type-product","3":"status-publish","4":"has-post-thumbnail","6":"product_cat-schmankerl-kulinarik","7":"product_cat-wein","9":"first","10":"instock","11":"purchasable","12":"product-type-simple"},"acf":[],"_links":{"self":[{"href":"https:\/\/www.regionalis.shop\/weingut-martinshof-michael-martin\/wp-json\/wp\/v2\/product\/1065","targetHints":{"allow":["GET"]}}],"collection":[{"href":"https:\/\/www.regionalis.shop\/weingut-martinshof-michael-martin\/wp-json\/wp\/v2\/product"}],"about":[{"href":"https:\/\/www.regionalis.shop\/weingut-martinshof-michael-martin\/wp-json\/wp\/v2\/types\/product"}],"wp:featuredmedia":[{"embeddable":true,"href":"https:\/\/www.regionalis.shop\/weingut-martinshof-michael-martin\/wp-json\/wp\/v2\/media\/1066"}],"wp:attachment":[{"href":"https:\/\/www.regionalis.shop\/weingut-martinshof-michael-martin\/wp-json\/wp\/v2\/media?parent=1065"}],"wp:term":[{"taxonomy":"product_brand","embeddable":true,"href":"https:\/\/www.regionalis.shop\/weingut-martinshof-michael-martin\/wp-json\/wp\/v2\/product_brand?post=1065"},{"taxonomy":"product_cat","embeddable":true,"href":"https:\/\/www.regionalis.shop\/weingut-martinshof-michael-martin\/wp-json\/wp\/v2\/product_cat?post=1065"},{"taxonomy":"product_tag","embeddable":true,"href":"https:\/\/www.regionalis.shop\/weingut-martinshof-michael-martin\/wp-json\/wp\/v2\/product_tag?post=1065"}],"curies":[{"name":"wp","href":"https:\/\/api.w.org\/{rel}","templated":true}]}}