{"id":1067,"date":"2025-04-18T02:37:38","date_gmt":"2025-04-18T00:37:38","guid":{"rendered":"https:\/\/www.regionalis.shop\/weingut-martinshof-michael-martin\/product\/2020-weissburgunder-reserve\/"},"modified":"2025-04-18T02:37:38","modified_gmt":"2025-04-18T00:37:38","slug":"2020-weissburgunder-reserve","status":"publish","type":"product","link":"https:\/\/www.regionalis.shop\/weingut-martinshof-michael-martin\/shop\/2020-weissburgunder-reserve\/","title":{"rendered":"2020 Wei\u00dfburgunder Reserve"},"content":{"rendered":"<p>Cremig mit zarter Nussigkeit und reifem, wei\u00dfen Birnenfleisch, sowie Ankl\u00e4nge nach Weingartenpfirsich und sonnengereiften Wiesenkr\u00e4utern.<\/p>\n<p>Ausbau: Stahltank und gro\u00dfes Holzfass<\/p>\n<p>Ideal zu gegrilltem Fisch und Meeresfr\u00fcchten, wie in Butter geschwenkten Garnelen und generell zur franz\u00f6sischen K\u00fcche.<\/p>\n","protected":false},"excerpt":{"rendered":"<p>Cremig mit zarter Nussigkeit und reifem, wei\u00dfen Birnenfleisch, sowie Ankl\u00e4nge nach Weingartenpfirsich und sonnengereiften Wiesenkr\u00e4utern. Ausbau: Stahltank und gro\u00dfes Holzfass Ideal zu gegrilltem Fisch und Meeresfr\u00fcchten, wie in Butter geschwenkten Garnelen und generell zur franz\u00f6sischen K\u00fcche.<\/p>\n","protected":false},"featured_media":1068,"template":"","meta":{"_acf_changed":false},"product_brand":[],"product_cat":[69,102],"product_tag":[],"class_list":{"0":"post-1067","1":"product","2":"type-product","3":"status-publish","4":"has-post-thumbnail","6":"product_cat-schmankerl-kulinarik","7":"product_cat-wein","9":"first","10":"instock","11":"purchasable","12":"product-type-simple"},"acf":[],"_links":{"self":[{"href":"https:\/\/www.regionalis.shop\/weingut-martinshof-michael-martin\/wp-json\/wp\/v2\/product\/1067","targetHints":{"allow":["GET"]}}],"collection":[{"href":"https:\/\/www.regionalis.shop\/weingut-martinshof-michael-martin\/wp-json\/wp\/v2\/product"}],"about":[{"href":"https:\/\/www.regionalis.shop\/weingut-martinshof-michael-martin\/wp-json\/wp\/v2\/types\/product"}],"wp:featuredmedia":[{"embeddable":true,"href":"https:\/\/www.regionalis.shop\/weingut-martinshof-michael-martin\/wp-json\/wp\/v2\/media\/1068"}],"wp:attachment":[{"href":"https:\/\/www.regionalis.shop\/weingut-martinshof-michael-martin\/wp-json\/wp\/v2\/media?parent=1067"}],"wp:term":[{"taxonomy":"product_brand","embeddable":true,"href":"https:\/\/www.regionalis.shop\/weingut-martinshof-michael-martin\/wp-json\/wp\/v2\/product_brand?post=1067"},{"taxonomy":"product_cat","embeddable":true,"href":"https:\/\/www.regionalis.shop\/weingut-martinshof-michael-martin\/wp-json\/wp\/v2\/product_cat?post=1067"},{"taxonomy":"product_tag","embeddable":true,"href":"https:\/\/www.regionalis.shop\/weingut-martinshof-michael-martin\/wp-json\/wp\/v2\/product_tag?post=1067"}],"curies":[{"name":"wp","href":"https:\/\/api.w.org\/{rel}","templated":true}]}}