{"id":1073,"date":"2025-04-18T02:37:38","date_gmt":"2025-04-18T00:37:38","guid":{"rendered":"https:\/\/www.regionalis.shop\/weingut-martinshof-michael-martin\/product\/2020-blauburgunder\/"},"modified":"2025-04-18T02:37:38","modified_gmt":"2025-04-18T00:37:38","slug":"2020-blauburgunder","status":"publish","type":"product","link":"https:\/\/www.regionalis.shop\/weingut-martinshof-michael-martin\/shop\/2020-blauburgunder\/","title":{"rendered":"2020 Blauburgunder"},"content":{"rendered":"<p>Dieser im Holzfass gereifte, au\u00dfergew\u00f6hnliche Wein hat eine granatrote Farbe, in der Nase nach Beeren, Geschmack nach Waldfr\u00fcchten.<br \/>\nHervorragend zu gebratenem Rindfleisch oder Hirschsteaks mit deftigen Saucen .<\/p>\n","protected":false},"excerpt":{"rendered":"<p>Dieser im Holzfass gereifte, au\u00dfergew\u00f6hnliche Wein hat eine granatrote Farbe, in der Nase nach Beeren, Geschmack nach Waldfr\u00fcchten. Hervorragend zu gebratenem Rindfleisch oder Hirschsteaks mit deftigen Saucen .<\/p>\n","protected":false},"featured_media":1074,"template":"","meta":{"_acf_changed":false},"product_brand":[],"product_cat":[69,102],"product_tag":[],"class_list":{"0":"post-1073","1":"product","2":"type-product","3":"status-publish","4":"has-post-thumbnail","6":"product_cat-schmankerl-kulinarik","7":"product_cat-wein","9":"first","10":"instock","11":"purchasable","12":"product-type-simple"},"acf":[],"_links":{"self":[{"href":"https:\/\/www.regionalis.shop\/weingut-martinshof-michael-martin\/wp-json\/wp\/v2\/product\/1073","targetHints":{"allow":["GET"]}}],"collection":[{"href":"https:\/\/www.regionalis.shop\/weingut-martinshof-michael-martin\/wp-json\/wp\/v2\/product"}],"about":[{"href":"https:\/\/www.regionalis.shop\/weingut-martinshof-michael-martin\/wp-json\/wp\/v2\/types\/product"}],"wp:featuredmedia":[{"embeddable":true,"href":"https:\/\/www.regionalis.shop\/weingut-martinshof-michael-martin\/wp-json\/wp\/v2\/media\/1074"}],"wp:attachment":[{"href":"https:\/\/www.regionalis.shop\/weingut-martinshof-michael-martin\/wp-json\/wp\/v2\/media?parent=1073"}],"wp:term":[{"taxonomy":"product_brand","embeddable":true,"href":"https:\/\/www.regionalis.shop\/weingut-martinshof-michael-martin\/wp-json\/wp\/v2\/product_brand?post=1073"},{"taxonomy":"product_cat","embeddable":true,"href":"https:\/\/www.regionalis.shop\/weingut-martinshof-michael-martin\/wp-json\/wp\/v2\/product_cat?post=1073"},{"taxonomy":"product_tag","embeddable":true,"href":"https:\/\/www.regionalis.shop\/weingut-martinshof-michael-martin\/wp-json\/wp\/v2\/product_tag?post=1073"}],"curies":[{"name":"wp","href":"https:\/\/api.w.org\/{rel}","templated":true}]}}