{"id":1042,"date":"2025-10-23T16:14:07","date_gmt":"2025-10-23T14:14:07","guid":{"rendered":"https:\/\/www.regionalis.shop\/weinhof-preis\/?page_id=1042"},"modified":"2025-10-23T16:16:34","modified_gmt":"2025-10-23T14:16:34","slug":"impressum","status":"publish","type":"page","link":"https:\/\/www.regionalis.shop\/weinhof-preis\/impressum\/","title":{"rendered":"Impressum"},"content":{"rendered":"<section>\n            <h2>Das Weingut<\/h2>\n<p>Im Herzen des Kremstals befindet sich das Weingut Preis, ein Familienbetrieb, der seit Generationen Weinbau betreibt. Hier vereinen sich Tradition und Moderne auf einzigartige Weise. Mit viel Leidenschaft und Sorgfalt kultiviert die Familie ihre Weinberge und erzeugt charaktervolle Weine, die die Vielfalt der Region widerspiegeln. Dabei steht eine nachhaltige Bewirtschaftung im Vordergrund, um die Umwelt zu schonen und die Qualit\u00e4t der Trauben zu sichern.<\/p>\n<h2>Die Philosophie<\/h2>\n<p>Die Philosophie des Weinguts Preis ist gepr\u00e4gt von Respekt vor der Natur und dem Streben nach h\u00f6chster Qualit\u00e4t. Jeder Wein erz\u00e4hlt seine eigene Geschichte und spiegelt die einzigartige Terroir des Kremstals wider. Mario Preis und sein Team legen gro\u00dfen Wert auf eine schonende Verarbeitung der Trauben, um die fruchtigen Aromen und die mineralische Frische zu bewahren. Die Weine von Preis sind Ausdruck einer tiefen Verbundenheit zur Natur und zur Region.<\/p>\n<p>&nbsp;<\/p>\n<h2>Der Winzer<\/h2>\n<p>Mario Preis ist ein leidenschaftlicher Winzer, der mit viel Herzblut seine Weine kreiert. Seine Liebe zur Natur und sein Gesp\u00fcr f\u00fcr die Besonderheiten jeder Rebsorte machen ihn zu einem au\u00dfergew\u00f6hnlichen Weinmacher. Mario Preis ist stets auf der Suche nach neuen Herausforderungen und experimentiert gerne mit verschiedenen Rebsorten und Vinifikationsmethoden. Dabei bleibt er jedoch immer seinen Wurzeln treu und erzeugt Weine, die die typischen Merkmale des Kremstals widerspiegeln.<\/p>\n\n    <\/section>","protected":false},"excerpt":{"rendered":"","protected":false},"author":1,"featured_media":0,"parent":0,"menu_order":0,"comment_status":"closed","ping_status":"closed","template":"","meta":{"_acf_changed":false,"footnotes":""},"class_list":["post-1042","page","type-page","status-publish","hentry"],"acf":[],"_links":{"self":[{"href":"https:\/\/www.regionalis.shop\/weinhof-preis\/wp-json\/wp\/v2\/pages\/1042","targetHints":{"allow":["GET"]}}],"collection":[{"href":"https:\/\/www.regionalis.shop\/weinhof-preis\/wp-json\/wp\/v2\/pages"}],"about":[{"href":"https:\/\/www.regionalis.shop\/weinhof-preis\/wp-json\/wp\/v2\/types\/page"}],"author":[{"embeddable":true,"href":"https:\/\/www.regionalis.shop\/weinhof-preis\/wp-json\/wp\/v2\/users\/1"}],"replies":[{"embeddable":true,"href":"https:\/\/www.regionalis.shop\/weinhof-preis\/wp-json\/wp\/v2\/comments?post=1042"}],"version-history":[{"count":2,"href":"https:\/\/www.regionalis.shop\/weinhof-preis\/wp-json\/wp\/v2\/pages\/1042\/revisions"}],"predecessor-version":[{"id":1044,"href":"https:\/\/www.regionalis.shop\/weinhof-preis\/wp-json\/wp\/v2\/pages\/1042\/revisions\/1044"}],"wp:attachment":[{"href":"https:\/\/www.regionalis.shop\/weinhof-preis\/wp-json\/wp\/v2\/media?parent=1042"}],"curies":[{"name":"wp","href":"https:\/\/api.w.org\/{rel}","templated":true}]}}