{"id":862,"date":"2025-05-24T13:44:06","date_gmt":"2025-05-24T11:44:06","guid":{"rendered":"https:\/\/starter.stage.shop-it.at\/?page_id=862"},"modified":"2025-10-23T15:21:37","modified_gmt":"2025-10-23T13:21:37","slug":"startseite","status":"publish","type":"page","link":"https:\/\/www.regionalis.shop\/weinhof-preis\/","title":{"rendered":"Startseite"},"content":{"rendered":"<section>\n        <div class=\"header-image\">\n            <img decoding=\"async\" src=\"https:\/\/www.regionalis.shop\/app\/uploads\/sites\/636\/6420_2022_12_31_12_29_21_490052436.jpg\" alt=\"\">\n        <\/div>\n    \n    <\/section>\n    <section>\n    <div class=\"header-title\">\n        <h1 class=\"h2\">Willkommen bei Weinhof Preis<\/h1>\n    <\/div>\n            <h2 class=\"h3\">Handgemacht in Tiefenfucha<\/h2>\n                <h2>Das Weingut<\/h2>\n<p>Im Herzen des Kremstals befindet sich das Weingut Preis, ein Familienbetrieb, der seit Generationen Weinbau betreibt. Hier vereinen sich Tradition und Moderne auf einzigartige Weise. Mit viel Leidenschaft und Sorgfalt kultiviert die Familie ihre Weinberge und erzeugt charaktervolle Weine, die die Vielfalt der Region widerspiegeln. Dabei steht eine nachhaltige Bewirtschaftung im Vordergrund, um die Umwelt zu schonen und die Qualit\u00e4t der Trauben zu sichern.<\/p>\n<h2>Die Philosophie<\/h2>\n<p>Die Philosophie des Weinguts Preis ist gepr\u00e4gt von Respekt vor der Natur und dem Streben nach h\u00f6chster Qualit\u00e4t. Jeder Wein erz\u00e4hlt seine eigene Geschichte und spiegelt die einzigartige Terroir des Kremstals wider. Mario Preis und sein Team legen gro\u00dfen Wert auf eine schonende Verarbeitung der Trauben, um die fruchtigen Aromen und die mineralische Frische zu bewahren. Die Weine von Preis sind Ausdruck einer tiefen Verbundenheit zur Natur und zur Region.<\/p>\n<p>&nbsp;<\/p>\n<h2>Der Winzer<\/h2>\n<p>Mario Preis ist ein leidenschaftlicher Winzer, der mit viel Herzblut seine Weine kreiert. Seine Liebe zur Natur und sein Gesp\u00fcr f\u00fcr die Besonderheiten jeder Rebsorte machen ihn zu einem au\u00dfergew\u00f6hnlichen Weinmacher. Mario Preis ist stets auf der Suche nach neuen Herausforderungen und experimentiert gerne mit verschiedenen Rebsorten und Vinifikationsmethoden. Dabei bleibt er jedoch immer seinen Wurzeln treu und erzeugt Weine, die die typischen Merkmale des Kremstals widerspiegeln.<\/p>\n\n    \n    <h3>Produkte<\/h3>\n\n    <div class=\"woocommerce columns-3 \"><ul class=\"products columns-3\">\n<li class=\"product type-product post-1085 status-publish first instock product_cat-schmankerl-kulinarik product_cat-wein has-post-thumbnail sale taxable shipping-taxable purchasable product-type-simple\">\n\t<a href=\"https:\/\/www.regionalis.shop\/weinhof-preis\/shop\/gruener-veltiner-kremstal-dac-paket\/\" class=\"woocommerce-LoopProduct-link woocommerce-loop-product__link\">\n\t<span class=\"onsale\">Angebot!<\/span>\n\t<div class=\"wc-block-grid__product-image\"><img loading=\"lazy\" decoding=\"async\" width=\"1024\" height=\"529\" src=\"https:\/\/www.regionalis.shop\/app\/uploads\/sites\/636\/Preis_Paket2_Ried-1024x529.png\" class=\"attachment-large size-large\" alt=\"Gr\u00fcner Veltliner Paket\" srcset=\"https:\/\/www.regionalis.shop\/app\/uploads\/sites\/636\/Preis_Paket2_Ried-1024x529.png 1024w, https:\/\/www.regionalis.shop\/app\/uploads\/sites\/636\/Preis_Paket2_Ried-300x155.png 300w, https:\/\/www.regionalis.shop\/app\/uploads\/sites\/636\/Preis_Paket2_Ried-768x397.png 768w, https:\/\/www.regionalis.shop\/app\/uploads\/sites\/636\/Preis_Paket2_Ried-600x310.png 600w, https:\/\/www.regionalis.shop\/app\/uploads\/sites\/636\/Preis_Paket2_Ried.png 1042w\" sizes=\"auto, (max-width: 1024px) 100vw, 1024px\" \/><\/div><h2 class=\"woocommerce-loop-product__title\">Gr\u00fcner Veltiner Kremstal DAC &#8211; Paket<\/h2>\n\t<span class=\"price\"><del aria-hidden=\"true\"><span class=\"woocommerce-Price-amount amount\"><bdi>37,20&nbsp;<span class=\"woocommerce-Price-currencySymbol\">&euro;<\/span><\/bdi><\/span><\/del> <span class=\"screen-reader-text\">Urspr\u00fcnglicher Preis war: 37,20&nbsp;&euro;<\/span><ins aria-hidden=\"true\"><span class=\"woocommerce-Price-amount amount\"><bdi>31,00&nbsp;<span class=\"woocommerce-Price-currencySymbol\">&euro;<\/span><\/bdi><\/span><\/ins><span class=\"screen-reader-text\">Aktueller Preis ist: 31,00&nbsp;&euro;.<\/span><\/span>\n<\/a><\/li>\n<li class=\"product type-product post-1081 status-publish instock product_cat-schmankerl-kulinarik product_cat-wein has-post-thumbnail taxable shipping-taxable purchasable product-type-simple\">\n\t<a href=\"https:\/\/www.regionalis.shop\/weinhof-preis\/shop\/sortenvielfalt-paket\/\" class=\"woocommerce-LoopProduct-link woocommerce-loop-product__link\"><div class=\"wc-block-grid__product-image\"><img loading=\"lazy\" decoding=\"async\" width=\"1024\" height=\"529\" src=\"https:\/\/www.regionalis.shop\/app\/uploads\/sites\/636\/Sortenvielfalt-1024x529.png\" class=\"attachment-large size-large\" alt=\"Sortenvielfaltpaket\" srcset=\"https:\/\/www.regionalis.shop\/app\/uploads\/sites\/636\/Sortenvielfalt-1024x529.png 1024w, https:\/\/www.regionalis.shop\/app\/uploads\/sites\/636\/Sortenvielfalt-300x155.png 300w, https:\/\/www.regionalis.shop\/app\/uploads\/sites\/636\/Sortenvielfalt-768x397.png 768w, https:\/\/www.regionalis.shop\/app\/uploads\/sites\/636\/Sortenvielfalt-600x310.png 600w, https:\/\/www.regionalis.shop\/app\/uploads\/sites\/636\/Sortenvielfalt.png 1042w\" sizes=\"auto, (max-width: 1024px) 100vw, 1024px\" \/><\/div><h2 class=\"woocommerce-loop-product__title\">Sortenvielfalt Paket<\/h2>\n\t<span class=\"price\"><span class=\"woocommerce-Price-amount amount\"><bdi>97,60&nbsp;<span class=\"woocommerce-Price-currencySymbol\">&euro;<\/span><\/bdi><\/span><\/span>\n<\/a><\/li>\n<li class=\"product type-product post-1077 status-publish last instock product_cat-schmankerl-kulinarik product_cat-wein has-post-thumbnail taxable shipping-taxable purchasable product-type-simple\">\n\t<a href=\"https:\/\/www.regionalis.shop\/weinhof-preis\/shop\/frizzantepaket\/\" class=\"woocommerce-LoopProduct-link woocommerce-loop-product__link\"><div class=\"wc-block-grid__product-image\"><img loading=\"lazy\" decoding=\"async\" width=\"1024\" height=\"546\" src=\"https:\/\/www.regionalis.shop\/app\/uploads\/sites\/636\/Preis_Frizzante_6x_grossneu-1024x546.png\" class=\"attachment-large size-large\" alt=\"Frizzantepaket\" srcset=\"https:\/\/www.regionalis.shop\/app\/uploads\/sites\/636\/Preis_Frizzante_6x_grossneu-1024x546.png 1024w, https:\/\/www.regionalis.shop\/app\/uploads\/sites\/636\/Preis_Frizzante_6x_grossneu-300x160.png 300w, https:\/\/www.regionalis.shop\/app\/uploads\/sites\/636\/Preis_Frizzante_6x_grossneu-768x410.png 768w, https:\/\/www.regionalis.shop\/app\/uploads\/sites\/636\/Preis_Frizzante_6x_grossneu-600x320.png 600w, https:\/\/www.regionalis.shop\/app\/uploads\/sites\/636\/Preis_Frizzante_6x_grossneu.png 1230w\" sizes=\"auto, (max-width: 1024px) 100vw, 1024px\" \/><\/div><h2 class=\"woocommerce-loop-product__title\">Frizzantepaket<\/h2>\n\t<span class=\"price\"><span class=\"woocommerce-Price-amount amount\"><bdi>49,50&nbsp;<span class=\"woocommerce-Price-currencySymbol\">&euro;<\/span><\/bdi><\/span><\/span>\n<\/a><\/li>\n<\/ul>\n<\/div>\n    <p>\n        <a href=\"https:\/\/www.regionalis.shop\/weinhof-preis\/shop\/\" class=\"btn btn-primary btn-icon-right\">\n            Alle Produkte <i class=\"bi bi-arrow-right-short\"><\/i>\n        <\/a>\n    <\/p>\n<\/section>\n\n<div data-block-name=\"woocommerce\/store-notices\" class=\"wc-block-store-notices woocommerce alignwide alignwide wp-block-woocommerce-store-notices\"><div class=\"woocommerce-notices-wrapper\"><\/div><\/div>","protected":false},"excerpt":{"rendered":"","protected":false},"author":1,"featured_media":0,"parent":0,"menu_order":0,"comment_status":"closed","ping_status":"closed","template":"template-home.blade.php","meta":{"_acf_changed":false,"footnotes":""},"class_list":["post-862","page","type-page","status-publish","hentry"],"acf":[],"_links":{"self":[{"href":"https:\/\/www.regionalis.shop\/weinhof-preis\/wp-json\/wp\/v2\/pages\/862","targetHints":{"allow":["GET"]}}],"collection":[{"href":"https:\/\/www.regionalis.shop\/weinhof-preis\/wp-json\/wp\/v2\/pages"}],"about":[{"href":"https:\/\/www.regionalis.shop\/weinhof-preis\/wp-json\/wp\/v2\/types\/page"}],"author":[{"embeddable":true,"href":"https:\/\/www.regionalis.shop\/weinhof-preis\/wp-json\/wp\/v2\/users\/1"}],"replies":[{"embeddable":true,"href":"https:\/\/www.regionalis.shop\/weinhof-preis\/wp-json\/wp\/v2\/comments?post=862"}],"version-history":[{"count":28,"href":"https:\/\/www.regionalis.shop\/weinhof-preis\/wp-json\/wp\/v2\/pages\/862\/revisions"}],"predecessor-version":[{"id":1041,"href":"https:\/\/www.regionalis.shop\/weinhof-preis\/wp-json\/wp\/v2\/pages\/862\/revisions\/1041"}],"wp:attachment":[{"href":"https:\/\/www.regionalis.shop\/weinhof-preis\/wp-json\/wp\/v2\/media?parent=862"}],"curies":[{"name":"wp","href":"https:\/\/api.w.org\/{rel}","templated":true}]}}