{"id":1055,"date":"2025-11-29T10:17:08","date_gmt":"2025-11-29T09:17:08","guid":{"rendered":"https:\/\/www.regionalis.shop\/weinhof-preis\/?post_type=product&#038;p=1055"},"modified":"2025-11-29T21:37:17","modified_gmt":"2025-11-29T20:37:17","slug":"marillen-frizzante","status":"publish","type":"product","link":"https:\/\/www.regionalis.shop\/weinhof-preis\/shop\/marillen-frizzante\/","title":{"rendered":"Marillen Frizzante"},"content":{"rendered":"<p>Dieser <strong>Marillen Frizzante<\/strong> ist das perfekte Erfrischungsgetr\u00e4nk! Ein fruchtiger Perlwein mit dem typischen Aroma vollreifer Marillen (Aprikosen) \u2013 frisch und unwiderstehlich spritzig. In der Nase duftet er intensiv nach sonnengereiften Marillen, Am Gaumen saftig und harmonisch mit zarter S\u00fc\u00dfe und feiner Perlage, die f\u00fcr Leichtigkeit und Trinkfreude sorgt.<\/p>\n<p>Ein idealer Aperitif f\u00fcr warme Tage, Feste oder einfach zum Genie\u00dfen mit Freunden. Am besten gut gek\u00fchlt servieren!<\/p>\n","protected":false},"excerpt":{"rendered":"<pre>Geschmack: trocken\r\nAlkoholgehalt: 6,0% Vol.\r\nS\u00e4uregehalt: 3,0 g\/l\r\nAllergenhinweis: Enth\u00e4lt SULFITE.\r\n\r\nE Label :\u00a0<a href=\"https:\/\/elabel.wdx.wine\/dp18FlDc7Aew\" target=\"_blank\" rel=\"noopener\">N\u00e4hrwertinformation und Zutaten<\/a><\/pre>\n","protected":false},"featured_media":1056,"template":"","meta":{"_acf_changed":false},"product_brand":[],"product_cat":[69,18,102],"product_tag":[],"class_list":{"0":"post-1055","1":"product","2":"type-product","3":"status-publish","4":"has-post-thumbnail","6":"product_cat-schmankerl-kulinarik","7":"product_cat-uncategorised","8":"product_cat-wein","10":"first","11":"instock","12":"taxable","13":"shipping-taxable","14":"purchasable","15":"product-type-simple"},"acf":[],"_links":{"self":[{"href":"https:\/\/www.regionalis.shop\/weinhof-preis\/wp-json\/wp\/v2\/product\/1055","targetHints":{"allow":["GET"]}}],"collection":[{"href":"https:\/\/www.regionalis.shop\/weinhof-preis\/wp-json\/wp\/v2\/product"}],"about":[{"href":"https:\/\/www.regionalis.shop\/weinhof-preis\/wp-json\/wp\/v2\/types\/product"}],"wp:featuredmedia":[{"embeddable":true,"href":"https:\/\/www.regionalis.shop\/weinhof-preis\/wp-json\/wp\/v2\/media\/1056"}],"wp:attachment":[{"href":"https:\/\/www.regionalis.shop\/weinhof-preis\/wp-json\/wp\/v2\/media?parent=1055"}],"wp:term":[{"taxonomy":"product_brand","embeddable":true,"href":"https:\/\/www.regionalis.shop\/weinhof-preis\/wp-json\/wp\/v2\/product_brand?post=1055"},{"taxonomy":"product_cat","embeddable":true,"href":"https:\/\/www.regionalis.shop\/weinhof-preis\/wp-json\/wp\/v2\/product_cat?post=1055"},{"taxonomy":"product_tag","embeddable":true,"href":"https:\/\/www.regionalis.shop\/weinhof-preis\/wp-json\/wp\/v2\/product_tag?post=1055"}],"curies":[{"name":"wp","href":"https:\/\/api.w.org\/{rel}","templated":true}]}}