{"id":1074,"date":"2025-12-09T23:30:43","date_gmt":"2025-12-09T22:30:43","guid":{"rendered":"https:\/\/www.regionalis.shop\/weinhof-preis\/?post_type=product&#038;p=1074"},"modified":"2025-12-09T23:51:24","modified_gmt":"2025-12-09T22:51:24","slug":"rosewein-essig","status":"publish","type":"product","link":"https:\/\/www.regionalis.shop\/weinhof-preis\/shop\/rosewein-essig\/","title":{"rendered":"ROSEWEIN ESSIG"},"content":{"rendered":"<p style=\"text-align: left\">Entdecken Sie den zarten Charme unseres **<strong>Roseweinessigs<\/strong>** \u2013 aus hochwertigem Ros\u00e9wein gefertigt, bringt er fruchtige Frische und blumige Nuancen direkt auf Ihren Teller. Jeder Tropfen erz\u00e4hlt von Sorgfalt, Handwerk und der Liebe zum feinen Geschmack.<\/p>\n<p>Genie\u00dfen Sie die perfekte Verbindung von **<strong>Fruchtigkeit, Eleganz und Raffinesse<\/strong>** \u2013 f\u00fcr alle, die K\u00fcche nicht nur als Alltag, sondern als Erlebnis lieben.<\/p>\n<p>Perfekt zu:<\/p>\n<p>* <em>Frischen Salaten &amp; knackigem Gem\u00fcse<\/em><br \/>\n<em>* Marinaden f\u00fcr Fleisch, Fisch &amp; Gefl\u00fcgel<\/em><br \/>\n<em>* Feinen Vinaigrettes &amp; Saucen<\/em><br \/>\n<em>* Frischen Fr\u00fcchten oder leichten Desserts<\/em><\/p>\n<h3><strong>Ein Tropfen Roseweinessig \u2013 und jedes Gericht wird zum Genuss!<\/strong><\/h3>\n","protected":false},"excerpt":{"rendered":"<p>Entdecken Sie den zarten Charme unseres **Roseweinessigs** \u2013 aus hochwertigem Ros\u00e9wein gefertigt, bringt er fruchtige Frische und blumige Nuancen direkt auf Ihren Teller. Jeder Tropfen erz\u00e4hlt von Sorgfalt, Handwerk und der Liebe zum feinen Geschmack. Genie\u00dfen Sie die perfekte Verbindung von **Fruchtigkeit, Eleganz und Raffinesse** \u2013 f\u00fcr alle, die K\u00fcche nicht nur als Alltag, sondern &hellip; <a href=\"https:\/\/www.regionalis.shop\/weinhof-preis\/shop\/rosewein-essig\/\">Continued<\/a><\/p>\n","protected":false},"featured_media":1075,"template":"","meta":{"_acf_changed":false},"product_brand":[],"product_cat":[128,69],"product_tag":[],"class_list":{"0":"post-1074","1":"product","2":"type-product","3":"status-publish","4":"has-post-thumbnail","6":"product_cat-essig-oel","7":"product_cat-schmankerl-kulinarik","9":"first","10":"instock","11":"taxable","12":"shipping-taxable","13":"purchasable","14":"product-type-simple"},"acf":[],"_links":{"self":[{"href":"https:\/\/www.regionalis.shop\/weinhof-preis\/wp-json\/wp\/v2\/product\/1074","targetHints":{"allow":["GET"]}}],"collection":[{"href":"https:\/\/www.regionalis.shop\/weinhof-preis\/wp-json\/wp\/v2\/product"}],"about":[{"href":"https:\/\/www.regionalis.shop\/weinhof-preis\/wp-json\/wp\/v2\/types\/product"}],"wp:featuredmedia":[{"embeddable":true,"href":"https:\/\/www.regionalis.shop\/weinhof-preis\/wp-json\/wp\/v2\/media\/1075"}],"wp:attachment":[{"href":"https:\/\/www.regionalis.shop\/weinhof-preis\/wp-json\/wp\/v2\/media?parent=1074"}],"wp:term":[{"taxonomy":"product_brand","embeddable":true,"href":"https:\/\/www.regionalis.shop\/weinhof-preis\/wp-json\/wp\/v2\/product_brand?post=1074"},{"taxonomy":"product_cat","embeddable":true,"href":"https:\/\/www.regionalis.shop\/weinhof-preis\/wp-json\/wp\/v2\/product_cat?post=1074"},{"taxonomy":"product_tag","embeddable":true,"href":"https:\/\/www.regionalis.shop\/weinhof-preis\/wp-json\/wp\/v2\/product_tag?post=1074"}],"curies":[{"name":"wp","href":"https:\/\/api.w.org\/{rel}","templated":true}]}}