{"id":1081,"date":"2025-12-12T23:11:29","date_gmt":"2025-12-12T22:11:29","guid":{"rendered":"https:\/\/www.regionalis.shop\/weinhof-preis\/?post_type=product&#038;p=1081"},"modified":"2026-04-02T22:04:05","modified_gmt":"2026-04-02T20:04:05","slug":"sortenvielfalt-paket","status":"publish","type":"product","link":"https:\/\/www.regionalis.shop\/weinhof-preis\/shop\/sortenvielfalt-paket\/","title":{"rendered":"Sortenvielfalt Paket"},"content":{"rendered":"<h2><strong><span style=\"font-size: 20px\">Gro\u00dfes Sortenvielfalt Paket<\/span><\/strong><\/h2>\n<p><span style=\"font-size: 16px\">Entdecken Sie das ultimative Weinliebhaber-Paket, das Ihnen eine <strong>unvergleichliche Vielfalt<\/strong> an k\u00f6stlichen Weinen bietet. Unser gro\u00dfes Sortenvielfalt Paket enth\u00e4lt zw\u00f6lf exquisite Flaschen, die Ihren Gaumen verzaubern werden.<\/span><\/p>\n<p><span style=\"font-size: 16px\">In diesen Paket befinden sich:<br \/>\n2 x 0,75 l <a href=\"https:\/\/www.shop.weinhofpreis.at\/grauburgunder-zwickl.html\">Grauburgunder Barrique 202<\/a><a href=\"https:\/\/www.shop.weinhofpreis.at\/grauburgunder-barrique.html\">3<\/a><br \/>\n2 x 0,75 l Grauburgunder 2024<br \/>\n2 x 0,75 l <a href=\"https:\/\/www.shop.weinhofpreis.at\/charity-wein-zweigelt-sonnenschein-2.html\">Zweigelt\u00a0<\/a><a href=\"https:\/\/www.shop.weinhofpreis.at\/zweigelt-2023.html\">2023<\/a><br \/>\n2 x 0,75 l Gr\u00fcner Veltliner Kremstal DAC 2025<br \/>\n2 x 0,75 l Rose vom Zweigelt 2025<br \/>\n2 x 0,75 l <a href=\"https:\/\/www.shop.weinhofpreis.at\/gruener-veltliner-ried-huetersteig-kremstal-dac-2022.html\">Gr\u00fcner Veltliner Ried H\u00fctersteig Kremstal DAC 202<\/a><a href=\"https:\/\/www.shop.weinhofpreis.at\/gruener-veltliner-ried-huetersteig-kremstal-dac-2023.html\">3<\/a><\/span><br \/>\n<span style=\"font-size: 16px\">Unser Weinpaket ist mehr als nur eine Sammlung von Weinen &#8211; es ist eine <strong>Reise f\u00fcr Ihre Sinne<\/strong>. Jeder Schluck entf\u00fchrt Sie in eine Welt voller Geschmack und Leidenschaft. Lassen Sie sich von der Vielfalt unserer Weine verf\u00fchren und erleben Sie unvergessliche Genussmomente.<\/span><\/p>\n<p><span style=\"font-size: 16px\">Egal, ob Sie ein erfahrener Weinkenner oder ein Neuling auf dem Gebiet sind, unser gro\u00dfes Sortenvielfalt Paket bietet f\u00fcr jeden Geschmack das Richtige. Durch die sorgf\u00e4ltig ausgew\u00e4hlten Weine garantieren wir Ihnen h\u00f6chste Qualit\u00e4t und einen <strong>Genuss<\/strong>, der lange in Erinnerung bleiben wird.<\/span><\/p>\n<p><span style=\"font-size: 16px\">Bestellen Sie noch heute unser gro\u00dfes Sortenvielfalt Paket und lassen Sie sich von unseren <strong>exquisiten Weinen<\/strong> begeistern. Machen Sie Ihre n\u00e4chste Feier zu einem unvergesslichen Ereignis oder genie\u00dfen Sie einfach einen gem\u00fctlichen Abend zu zweit &#8211; mit unserem Wein sind Ihnen genussvolle Stunden garantiert. Z\u00f6gern Sie nicht l\u00e4nger und machen Sie Ihren Gaumen gl\u00fccklich!<\/span><\/p>\n<p>n Sie Ihren Gaumen gl\u00fccklich!<\/p>\n","protected":false},"excerpt":{"rendered":"<pre>12x 0,75 l \/ enth\u00e4lt Sulfite \/ trocken<\/pre>\n","protected":false},"featured_media":1082,"template":"","meta":{"_acf_changed":false},"product_brand":[],"product_cat":[69,102],"product_tag":[],"class_list":{"0":"post-1081","1":"product","2":"type-product","3":"status-publish","4":"has-post-thumbnail","6":"product_cat-schmankerl-kulinarik","7":"product_cat-wein","9":"first","10":"instock","11":"taxable","12":"shipping-taxable","13":"purchasable","14":"product-type-simple"},"acf":[],"_links":{"self":[{"href":"https:\/\/www.regionalis.shop\/weinhof-preis\/wp-json\/wp\/v2\/product\/1081","targetHints":{"allow":["GET"]}}],"collection":[{"href":"https:\/\/www.regionalis.shop\/weinhof-preis\/wp-json\/wp\/v2\/product"}],"about":[{"href":"https:\/\/www.regionalis.shop\/weinhof-preis\/wp-json\/wp\/v2\/types\/product"}],"wp:featuredmedia":[{"embeddable":true,"href":"https:\/\/www.regionalis.shop\/weinhof-preis\/wp-json\/wp\/v2\/media\/1082"}],"wp:attachment":[{"href":"https:\/\/www.regionalis.shop\/weinhof-preis\/wp-json\/wp\/v2\/media?parent=1081"}],"wp:term":[{"taxonomy":"product_brand","embeddable":true,"href":"https:\/\/www.regionalis.shop\/weinhof-preis\/wp-json\/wp\/v2\/product_brand?post=1081"},{"taxonomy":"product_cat","embeddable":true,"href":"https:\/\/www.regionalis.shop\/weinhof-preis\/wp-json\/wp\/v2\/product_cat?post=1081"},{"taxonomy":"product_tag","embeddable":true,"href":"https:\/\/www.regionalis.shop\/weinhof-preis\/wp-json\/wp\/v2\/product_tag?post=1081"}],"curies":[{"name":"wp","href":"https:\/\/api.w.org\/{rel}","templated":true}]}}