{"id":1085,"date":"2026-03-14T11:05:22","date_gmt":"2026-03-14T10:05:22","guid":{"rendered":"https:\/\/www.regionalis.shop\/weinhof-preis\/?post_type=product&#038;p=1085"},"modified":"2026-04-02T22:02:35","modified_gmt":"2026-04-02T20:02:35","slug":"gruener-veltiner-kremstal-dac-paket","status":"publish","type":"product","link":"https:\/\/www.regionalis.shop\/weinhof-preis\/shop\/gruener-veltiner-kremstal-dac-paket\/","title":{"rendered":"Gr\u00fcner Veltiner Kremstal DAC &#8211; Paket"},"content":{"rendered":"<h2><strong>Gr\u00fcner Veltliner Kremstal DAC<\/strong><\/h2>\n<p>&nbsp;<\/p>\n<p>Hellgelb, deutliche Schlieren, diskreter Duft, gelbe \u00c4pfel, Sternfr\u00fcchte, Zitronen-PEZ; straff und trocken, knackige S\u00e4ure, Zitrone mit Salz, kompakter K\u00f6rper mit ausgezeichneter Spannung, druckvoll mit langem Zitrusnachhall.<\/p>\n<p>Ein unkomplizierter Speisenbegleiter, spritziger Diskussionspartner in geselliger Runde oder Aperitif f\u00fcr Kenner.<\/p>\n<p>&nbsp;<\/p>\n","protected":false},"excerpt":{"rendered":"<div class=\"classProduktDetailInfoRow\">\n<div class=\"classProduktDetailInfoRow\">\n<div class=\"classProduktDetailInfoRowCellLabel\">Geschmack: trocken<\/div>\n<\/div>\n<div class=\"classProduktDetailInfoRow\">\n<div class=\"classProduktDetailInfoRowCellLabel\">Restzucker: 2,3 g\/l<\/div>\n<\/div>\n<div class=\"classProduktDetailInfoRow\">\n<div class=\"classProduktDetailInfoRowCellLabel\">Alkoholgehalt: 12,0 Vol. %<\/div>\n<\/div>\n<div class=\"classProduktDetailInfoRow\">\n<div class=\"classProduktDetailInfoRowCellLabel\">Jahrgang:2025<\/div>\n<\/div>\n<div class=\"classProduktDetailInfoRow\">\n<div class=\"classProduktDetailInfoRowCellLabel\">S\u00e4ure:5,9 g\/l<\/div>\n<\/div>\n<div class=\"classProduktDetailInfoRow\">\n<div class=\"classProduktDetailInfoRowCellLabel\">Verschluss:Dreh-Verschluss<\/div>\n<\/div>\n<div class=\"classProduktDetailInfoRow\">\n<div class=\"classProduktDetailInfoRowCellLabel\">Inhalt:0,75 lt.<\/div>\n<\/div>\n<div class=\"classProduktDetailInfoRow\">\n<div class=\"classProduktDetailInfoRowCellLabel\">Enth\u00e4lt:Sulfite<\/div>\n<\/div>\n<div class=\"classProduktDetailInfoRow\">\n<div class=\"classProduktDetailInfoRowCellLabel\">Trinktemperatur:8-10 \u00b0C<\/div>\n<\/div>\n<div class=\"classProduktDetailInfoRow\">\n<div class=\"classProduktDetailInfoRowCellLabel\">Passend zu:Antipasti &amp; Br\u00f6tchen,\u00a0Gefl\u00fcgel,\u00a0Lamm,\u00a0Schwein,\u00a0Spargel<\/div>\n<div><\/div>\n<\/div>\n<div class=\"classProduktDetailInfoRow\">\n<div class=\"classProduktDetailInfoRowCellLabel\">E-Label: <a href=\"https:\/\/elabel.wdx.wine\/4BhcmGBfCHir\" target=\"_blank\" rel=\"noopener\">N\u00e4hrwertinformation \/ Zutaten<\/a><\/div>\n<\/div>\n<\/div>\n","protected":false},"featured_media":1086,"template":"","meta":{"_acf_changed":false},"product_brand":[],"product_cat":[69,102],"product_tag":[],"class_list":{"0":"post-1085","1":"product","2":"type-product","3":"status-publish","4":"has-post-thumbnail","6":"product_cat-schmankerl-kulinarik","7":"product_cat-wein","9":"first","10":"instock","11":"sale","12":"taxable","13":"shipping-taxable","14":"purchasable","15":"product-type-simple"},"acf":[],"_links":{"self":[{"href":"https:\/\/www.regionalis.shop\/weinhof-preis\/wp-json\/wp\/v2\/product\/1085","targetHints":{"allow":["GET"]}}],"collection":[{"href":"https:\/\/www.regionalis.shop\/weinhof-preis\/wp-json\/wp\/v2\/product"}],"about":[{"href":"https:\/\/www.regionalis.shop\/weinhof-preis\/wp-json\/wp\/v2\/types\/product"}],"wp:featuredmedia":[{"embeddable":true,"href":"https:\/\/www.regionalis.shop\/weinhof-preis\/wp-json\/wp\/v2\/media\/1086"}],"wp:attachment":[{"href":"https:\/\/www.regionalis.shop\/weinhof-preis\/wp-json\/wp\/v2\/media?parent=1085"}],"wp:term":[{"taxonomy":"product_brand","embeddable":true,"href":"https:\/\/www.regionalis.shop\/weinhof-preis\/wp-json\/wp\/v2\/product_brand?post=1085"},{"taxonomy":"product_cat","embeddable":true,"href":"https:\/\/www.regionalis.shop\/weinhof-preis\/wp-json\/wp\/v2\/product_cat?post=1085"},{"taxonomy":"product_tag","embeddable":true,"href":"https:\/\/www.regionalis.shop\/weinhof-preis\/wp-json\/wp\/v2\/product_tag?post=1085"}],"curies":[{"name":"wp","href":"https:\/\/api.w.org\/{rel}","templated":true}]}}