{"id":1060,"date":"2025-04-18T03:01:08","date_gmt":"2025-04-18T01:01:08","guid":{"rendered":"https:\/\/www.regionalis.shop\/werke-mit-stil-corinna-sadleder\/product\/jute-stofftasche-manchmal-fluestert-das-glueck-leise-jetzt-bist-du-dran\/"},"modified":"2025-04-18T03:01:08","modified_gmt":"2025-04-18T01:01:08","slug":"jute-stofftasche-manchmal-fluestert-das-glueck-leise-jetzt-bist-du-dran","status":"publish","type":"product","link":"https:\/\/www.regionalis.shop\/werke-mit-stil-corinna-sadleder\/shop\/jute-stofftasche-manchmal-fluestert-das-glueck-leise-jetzt-bist-du-dran\/","title":{"rendered":"Jute\/Stofftasche \/ Manchmal fl\u00fcstert das Gl\u00fcck leise  Jetzt bist du dran!"},"content":{"rendered":"<p>&#8222;Manchmal fl\u00fcstert das Gl\u00fcck leise &#8211; Jetzt bist du dran!&#8220;<\/p>\n<p>Jute Stoff\/Tasche &#8211; Druck dunkelbraun<\/p>\n<p>Du brauchst ein nettes Geschenk zum Geburtstag  oder nur eine kleine Aufmerksamkeit?<\/p>\n<p>Diese Tasche ist 35&#215;40 cm gro\u00df und ist aus Leinen.<\/p>\n","protected":false},"excerpt":{"rendered":"<p>&#8222;Manchmal fl\u00fcstert das Gl\u00fcck leise &#8211; Jetzt bist du dran!&#8220; Jute Stoff\/Tasche &#8211; Druck dunkelbraun Du brauchst ein nettes Geschenk zum Geburtstag oder nur eine kleine Aufmerksamkeit? Diese Tasche ist 35&#215;40 cm gro\u00df und ist aus Leinen.<\/p>\n","protected":false},"featured_media":1061,"template":"","meta":{"_acf_changed":false},"product_brand":[],"product_cat":[142,95],"product_tag":[],"class_list":{"0":"post-1060","1":"product","2":"type-product","3":"status-publish","4":"has-post-thumbnail","6":"product_cat-handtaschen","7":"product_cat-taschen","9":"first","10":"instock","11":"purchasable","12":"product-type-simple"},"acf":[],"_links":{"self":[{"href":"https:\/\/www.regionalis.shop\/werke-mit-stil-corinna-sadleder\/wp-json\/wp\/v2\/product\/1060","targetHints":{"allow":["GET"]}}],"collection":[{"href":"https:\/\/www.regionalis.shop\/werke-mit-stil-corinna-sadleder\/wp-json\/wp\/v2\/product"}],"about":[{"href":"https:\/\/www.regionalis.shop\/werke-mit-stil-corinna-sadleder\/wp-json\/wp\/v2\/types\/product"}],"wp:featuredmedia":[{"embeddable":true,"href":"https:\/\/www.regionalis.shop\/werke-mit-stil-corinna-sadleder\/wp-json\/wp\/v2\/media\/1061"}],"wp:attachment":[{"href":"https:\/\/www.regionalis.shop\/werke-mit-stil-corinna-sadleder\/wp-json\/wp\/v2\/media?parent=1060"}],"wp:term":[{"taxonomy":"product_brand","embeddable":true,"href":"https:\/\/www.regionalis.shop\/werke-mit-stil-corinna-sadleder\/wp-json\/wp\/v2\/product_brand?post=1060"},{"taxonomy":"product_cat","embeddable":true,"href":"https:\/\/www.regionalis.shop\/werke-mit-stil-corinna-sadleder\/wp-json\/wp\/v2\/product_cat?post=1060"},{"taxonomy":"product_tag","embeddable":true,"href":"https:\/\/www.regionalis.shop\/werke-mit-stil-corinna-sadleder\/wp-json\/wp\/v2\/product_tag?post=1060"}],"curies":[{"name":"wp","href":"https:\/\/api.w.org\/{rel}","templated":true}]}}