{"id":1064,"date":"2025-04-18T03:00:49","date_gmt":"2025-04-18T01:00:49","guid":{"rendered":"https:\/\/www.regionalis.shop\/werke-mit-stil-corinna-sadleder\/product\/diy-filz-taeschchen-babykram\/"},"modified":"2025-04-18T03:00:49","modified_gmt":"2025-04-18T01:00:49","slug":"diy-filz-taeschchen-babykram","status":"publish","type":"product","link":"https:\/\/www.regionalis.shop\/werke-mit-stil-corinna-sadleder\/shop\/diy-filz-taeschchen-babykram\/","title":{"rendered":"DIY- Filz T\u00e4schchen \/Babykram"},"content":{"rendered":"<p>DIY- Filz T\u00e4schchen<br \/>\nmit dem Druck &#8222;Babykram&#8220;<\/p>\n<p>Du brauchst ein nettes Geschenk zur Geburt  oder nur eine kleine Aufmerksamkeit?<\/p>\n<p>In der Handtasche ist immer die Unordnung, alles ist durcheinander und eigentlich suche ich immer die kleinen Dinge so wie einen Schnuller, Cremen, Taschent\u00fccher&#8230;.<br \/>\nDas T\u00e4schchen ist kleiner als eine Windeltasche und es passen aber doch Windeln und ein P\u00e4ckchen Feuchtt\u00fccher perfekt rein.<\/p>\n<p>Das T\u00e4schchen ist 28&#215;18 cm gro\u00df und aus Filz.<br \/>\nDie Schrift ist in t\u00fcrkis gehalten.<\/p>\n","protected":false},"excerpt":{"rendered":"<p>DIY- Filz T\u00e4schchen mit dem Druck &#8222;Babykram&#8220; Du brauchst ein nettes Geschenk zur Geburt oder nur eine kleine Aufmerksamkeit? In der Handtasche ist immer die Unordnung, alles ist durcheinander und eigentlich suche ich immer die kleinen Dinge so wie einen Schnuller, Cremen, Taschent\u00fccher&#8230;. Das T\u00e4schchen ist kleiner als eine Windeltasche und es passen aber doch &hellip; <a href=\"https:\/\/www.regionalis.shop\/werke-mit-stil-corinna-sadleder\/shop\/diy-filz-taeschchen-babykram\/\">Continued<\/a><\/p>\n","protected":false},"featured_media":1065,"template":"","meta":{"_acf_changed":false},"product_brand":[],"product_cat":[38,80],"product_tag":[],"class_list":{"0":"post-1064","1":"product","2":"type-product","3":"status-publish","4":"has-post-thumbnail","6":"product_cat-baby-kinder","7":"product_cat-sonstiges-baby-kinder","9":"first","10":"instock","11":"purchasable","12":"product-type-simple"},"acf":[],"_links":{"self":[{"href":"https:\/\/www.regionalis.shop\/werke-mit-stil-corinna-sadleder\/wp-json\/wp\/v2\/product\/1064","targetHints":{"allow":["GET"]}}],"collection":[{"href":"https:\/\/www.regionalis.shop\/werke-mit-stil-corinna-sadleder\/wp-json\/wp\/v2\/product"}],"about":[{"href":"https:\/\/www.regionalis.shop\/werke-mit-stil-corinna-sadleder\/wp-json\/wp\/v2\/types\/product"}],"wp:featuredmedia":[{"embeddable":true,"href":"https:\/\/www.regionalis.shop\/werke-mit-stil-corinna-sadleder\/wp-json\/wp\/v2\/media\/1065"}],"wp:attachment":[{"href":"https:\/\/www.regionalis.shop\/werke-mit-stil-corinna-sadleder\/wp-json\/wp\/v2\/media?parent=1064"}],"wp:term":[{"taxonomy":"product_brand","embeddable":true,"href":"https:\/\/www.regionalis.shop\/werke-mit-stil-corinna-sadleder\/wp-json\/wp\/v2\/product_brand?post=1064"},{"taxonomy":"product_cat","embeddable":true,"href":"https:\/\/www.regionalis.shop\/werke-mit-stil-corinna-sadleder\/wp-json\/wp\/v2\/product_cat?post=1064"},{"taxonomy":"product_tag","embeddable":true,"href":"https:\/\/www.regionalis.shop\/werke-mit-stil-corinna-sadleder\/wp-json\/wp\/v2\/product_tag?post=1064"}],"curies":[{"name":"wp","href":"https:\/\/api.w.org\/{rel}","templated":true}]}}