{"id":1067,"date":"2025-04-18T03:00:49","date_gmt":"2025-04-18T01:00:49","guid":{"rendered":"https:\/\/www.regionalis.shop\/werke-mit-stil-corinna-sadleder\/product\/stofftasche-grau-schwammerl-sammler\/"},"modified":"2025-04-18T03:00:49","modified_gmt":"2025-04-18T01:00:49","slug":"stofftasche-grau-schwammerl-sammler","status":"publish","type":"product","link":"https:\/\/www.regionalis.shop\/werke-mit-stil-corinna-sadleder\/shop\/stofftasche-grau-schwammerl-sammler\/","title":{"rendered":"Stofftasche\/grau\/Schwammerl Sammler"},"content":{"rendered":"<p>Schwammerl Sammler <\/p>\n<p>Welches Hobby haben Sie oder was machen sie gerne?<\/p>\n<p>Du brauchst ein nettes Geschenk zum Geburtstag  oder nur eine kleine Aufmerksamkeit?<\/p>\n<p>Diese Tasche ist 38&#215;42 cm gro\u00df, das Material ist Stoff und die Schrift ist in wei\u00df.<\/p>\n<p>Wenn du ein besonderes Geschenk m\u00f6chtest und eine Idee im Kopf hast, dann dich und schreibe mir eine Nachricht.<\/p>\n","protected":false},"excerpt":{"rendered":"<p>Schwammerl Sammler Welches Hobby haben Sie oder was machen sie gerne? Du brauchst ein nettes Geschenk zum Geburtstag oder nur eine kleine Aufmerksamkeit? Diese Tasche ist 38&#215;42 cm gro\u00df, das Material ist Stoff und die Schrift ist in wei\u00df. Wenn du ein besonderes Geschenk m\u00f6chtest und eine Idee im Kopf hast, dann dich und schreibe &hellip; <a href=\"https:\/\/www.regionalis.shop\/werke-mit-stil-corinna-sadleder\/shop\/stofftasche-grau-schwammerl-sammler\/\">Continued<\/a><\/p>\n","protected":false},"featured_media":1068,"template":"","meta":{"_acf_changed":false},"product_brand":[],"product_cat":[162,83],"product_tag":[],"class_list":{"0":"post-1067","1":"product","2":"type-product","3":"status-publish","4":"has-post-thumbnail","6":"product_cat-null","7":"product_cat-sonstiges","9":"first","10":"instock","11":"purchasable","12":"product-type-simple"},"acf":[],"_links":{"self":[{"href":"https:\/\/www.regionalis.shop\/werke-mit-stil-corinna-sadleder\/wp-json\/wp\/v2\/product\/1067","targetHints":{"allow":["GET"]}}],"collection":[{"href":"https:\/\/www.regionalis.shop\/werke-mit-stil-corinna-sadleder\/wp-json\/wp\/v2\/product"}],"about":[{"href":"https:\/\/www.regionalis.shop\/werke-mit-stil-corinna-sadleder\/wp-json\/wp\/v2\/types\/product"}],"wp:featuredmedia":[{"embeddable":true,"href":"https:\/\/www.regionalis.shop\/werke-mit-stil-corinna-sadleder\/wp-json\/wp\/v2\/media\/1068"}],"wp:attachment":[{"href":"https:\/\/www.regionalis.shop\/werke-mit-stil-corinna-sadleder\/wp-json\/wp\/v2\/media?parent=1067"}],"wp:term":[{"taxonomy":"product_brand","embeddable":true,"href":"https:\/\/www.regionalis.shop\/werke-mit-stil-corinna-sadleder\/wp-json\/wp\/v2\/product_brand?post=1067"},{"taxonomy":"product_cat","embeddable":true,"href":"https:\/\/www.regionalis.shop\/werke-mit-stil-corinna-sadleder\/wp-json\/wp\/v2\/product_cat?post=1067"},{"taxonomy":"product_tag","embeddable":true,"href":"https:\/\/www.regionalis.shop\/werke-mit-stil-corinna-sadleder\/wp-json\/wp\/v2\/product_tag?post=1067"}],"curies":[{"name":"wp","href":"https:\/\/api.w.org\/{rel}","templated":true}]}}