{"id":1072,"date":"2025-04-18T03:00:49","date_gmt":"2025-04-18T01:00:49","guid":{"rendered":"https:\/\/www.regionalis.shop\/werke-mit-stil-corinna-sadleder\/product\/polster-kinderzimmer-tiere\/"},"modified":"2025-04-18T03:00:49","modified_gmt":"2025-04-18T01:00:49","slug":"polster-kinderzimmer-tiere","status":"publish","type":"product","link":"https:\/\/www.regionalis.shop\/werke-mit-stil-corinna-sadleder\/shop\/polster-kinderzimmer-tiere\/","title":{"rendered":"Polster\/Kinderzimmer\/Tiere"},"content":{"rendered":"<p>&#8222;Man ist nie zu klein, um gro\u00dfartig zu sein!&#8220;<\/p>\n<p>Polster f\u00fcr Kinder mit Tieren f\u00fcrs Kinderzimmer <\/p>\n<p>Es ist einfach wunderbar, wenn man frisch gebackene M\u00fctter beschenken kann !<\/p>\n<p>Du brauchst ein Geschenk zur Geburt, Taufe oder ein kleines Mitbringsel zum ersten Besuch?<br \/>\nDieser Polster ist 50&#215;50 cm gro\u00df mit F\u00fcllmaterial, ist aus Baumwolle und kann umgedreht mit 30 Grad gewaschen werden.<\/p>\n<p>Du hast eine Vorstellung im Kopf die du gerne umsetzen willst und eine Person gl\u00fccklich machen m\u00f6chtest?<br \/>\nIch gehe gerne auf deine W\u00fcnsche ein und zusammen gestalten wir dein besonderes Geschenk.<\/p>\n","protected":false},"excerpt":{"rendered":"<p>&#8222;Man ist nie zu klein, um gro\u00dfartig zu sein!&#8220; Polster f\u00fcr Kinder mit Tieren f\u00fcrs Kinderzimmer Es ist einfach wunderbar, wenn man frisch gebackene M\u00fctter beschenken kann ! Du brauchst ein Geschenk zur Geburt, Taufe oder ein kleines Mitbringsel zum ersten Besuch? Dieser Polster ist 50&#215;50 cm gro\u00df mit F\u00fcllmaterial, ist aus Baumwolle und kann &hellip; <a href=\"https:\/\/www.regionalis.shop\/werke-mit-stil-corinna-sadleder\/shop\/polster-kinderzimmer-tiere\/\">Continued<\/a><\/p>\n","protected":false},"featured_media":1073,"template":"","meta":{"_acf_changed":false},"product_brand":[],"product_cat":[38,50],"product_tag":[],"class_list":{"0":"post-1072","1":"product","2":"type-product","3":"status-publish","4":"has-post-thumbnail","6":"product_cat-baby-kinder","7":"product_cat-kinderzimmer","9":"first","10":"instock","11":"purchasable","12":"product-type-simple"},"acf":[],"_links":{"self":[{"href":"https:\/\/www.regionalis.shop\/werke-mit-stil-corinna-sadleder\/wp-json\/wp\/v2\/product\/1072","targetHints":{"allow":["GET"]}}],"collection":[{"href":"https:\/\/www.regionalis.shop\/werke-mit-stil-corinna-sadleder\/wp-json\/wp\/v2\/product"}],"about":[{"href":"https:\/\/www.regionalis.shop\/werke-mit-stil-corinna-sadleder\/wp-json\/wp\/v2\/types\/product"}],"wp:featuredmedia":[{"embeddable":true,"href":"https:\/\/www.regionalis.shop\/werke-mit-stil-corinna-sadleder\/wp-json\/wp\/v2\/media\/1073"}],"wp:attachment":[{"href":"https:\/\/www.regionalis.shop\/werke-mit-stil-corinna-sadleder\/wp-json\/wp\/v2\/media?parent=1072"}],"wp:term":[{"taxonomy":"product_brand","embeddable":true,"href":"https:\/\/www.regionalis.shop\/werke-mit-stil-corinna-sadleder\/wp-json\/wp\/v2\/product_brand?post=1072"},{"taxonomy":"product_cat","embeddable":true,"href":"https:\/\/www.regionalis.shop\/werke-mit-stil-corinna-sadleder\/wp-json\/wp\/v2\/product_cat?post=1072"},{"taxonomy":"product_tag","embeddable":true,"href":"https:\/\/www.regionalis.shop\/werke-mit-stil-corinna-sadleder\/wp-json\/wp\/v2\/product_tag?post=1072"}],"curies":[{"name":"wp","href":"https:\/\/api.w.org\/{rel}","templated":true}]}}