{"id":1074,"date":"2025-04-18T03:00:49","date_gmt":"2025-04-18T01:00:49","guid":{"rendered":"https:\/\/www.regionalis.shop\/werke-mit-stil-corinna-sadleder\/product\/poster-geschenk-willst-du-meine-goli-werden\/"},"modified":"2025-04-18T03:00:49","modified_gmt":"2025-04-18T01:00:49","slug":"poster-geschenk-willst-du-meine-goli-werden","status":"publish","type":"product","link":"https:\/\/www.regionalis.shop\/werke-mit-stil-corinna-sadleder\/shop\/poster-geschenk-willst-du-meine-goli-werden\/","title":{"rendered":"Poster\/Geschenk\/Willst du meine Goli werden?"},"content":{"rendered":"<p>&#8222;Willst du meine Goli werden?&#8220;<\/p>\n<p>Polster f\u00fcr die Goli\/Patentante<\/p>\n<p>Du m\u00f6chtest f\u00fcr dein Kind deine  Goli\/Patentanten, Patenonkel oder deine Firmpatin \u00fcberraschen, wei\u00dft aber nicht wie? <\/p>\n<p>Dieser Polster ist 50&#215;50 cm gro\u00df mit F\u00fcllmaterial , ist aus Baumwolle und kann umgedreht mit 30 Grad  gewaschen werden.<\/p>\n<p>Du hast eine Vorstellung im Kopf die du gerne umsetzen willst und eine Person gl\u00fccklich machen m\u00f6chtest?<br \/>\nIch gehe gerne auf deine W\u00fcnsche ein und zusammen gestalten wir dein besonderes Geschenk.<\/p>\n","protected":false},"excerpt":{"rendered":"<p>&#8222;Willst du meine Goli werden?&#8220; Polster f\u00fcr die Goli\/Patentante Du m\u00f6chtest f\u00fcr dein Kind deine Goli\/Patentanten, Patenonkel oder deine Firmpatin \u00fcberraschen, wei\u00dft aber nicht wie? Dieser Polster ist 50&#215;50 cm gro\u00df mit F\u00fcllmaterial , ist aus Baumwolle und kann umgedreht mit 30 Grad gewaschen werden. Du hast eine Vorstellung im Kopf die du gerne umsetzen &hellip; <a href=\"https:\/\/www.regionalis.shop\/werke-mit-stil-corinna-sadleder\/shop\/poster-geschenk-willst-du-meine-goli-werden\/\">Continued<\/a><\/p>\n","protected":false},"featured_media":1075,"template":"","meta":{"_acf_changed":false},"product_brand":[],"product_cat":[38,50],"product_tag":[],"class_list":{"0":"post-1074","1":"product","2":"type-product","3":"status-publish","4":"has-post-thumbnail","6":"product_cat-baby-kinder","7":"product_cat-kinderzimmer","9":"first","10":"instock","11":"purchasable","12":"product-type-simple"},"acf":[],"_links":{"self":[{"href":"https:\/\/www.regionalis.shop\/werke-mit-stil-corinna-sadleder\/wp-json\/wp\/v2\/product\/1074","targetHints":{"allow":["GET"]}}],"collection":[{"href":"https:\/\/www.regionalis.shop\/werke-mit-stil-corinna-sadleder\/wp-json\/wp\/v2\/product"}],"about":[{"href":"https:\/\/www.regionalis.shop\/werke-mit-stil-corinna-sadleder\/wp-json\/wp\/v2\/types\/product"}],"wp:featuredmedia":[{"embeddable":true,"href":"https:\/\/www.regionalis.shop\/werke-mit-stil-corinna-sadleder\/wp-json\/wp\/v2\/media\/1075"}],"wp:attachment":[{"href":"https:\/\/www.regionalis.shop\/werke-mit-stil-corinna-sadleder\/wp-json\/wp\/v2\/media?parent=1074"}],"wp:term":[{"taxonomy":"product_brand","embeddable":true,"href":"https:\/\/www.regionalis.shop\/werke-mit-stil-corinna-sadleder\/wp-json\/wp\/v2\/product_brand?post=1074"},{"taxonomy":"product_cat","embeddable":true,"href":"https:\/\/www.regionalis.shop\/werke-mit-stil-corinna-sadleder\/wp-json\/wp\/v2\/product_cat?post=1074"},{"taxonomy":"product_tag","embeddable":true,"href":"https:\/\/www.regionalis.shop\/werke-mit-stil-corinna-sadleder\/wp-json\/wp\/v2\/product_tag?post=1074"}],"curies":[{"name":"wp","href":"https:\/\/api.w.org\/{rel}","templated":true}]}}