{"id":1076,"date":"2025-04-18T03:00:49","date_gmt":"2025-04-18T01:00:49","guid":{"rendered":"https:\/\/www.regionalis.shop\/werke-mit-stil-corinna-sadleder\/product\/polster-kinderzimmer-kleines-wunder\/"},"modified":"2025-04-18T03:00:49","modified_gmt":"2025-04-18T01:00:49","slug":"polster-kinderzimmer-kleines-wunder","status":"publish","type":"product","link":"https:\/\/www.regionalis.shop\/werke-mit-stil-corinna-sadleder\/shop\/polster-kinderzimmer-kleines-wunder\/","title":{"rendered":"Polster\/Kinderzimmer\/Kleines Wunder"},"content":{"rendered":"<p>&#8222;Kleines Wunder&#8220;<br \/>\nKinderpolster f\u00fcrs Kinderzimmer <\/p>\n<p>Es ist einfach wunderbar, wenn man frisch gebackene M\u00fctter beschenken kann!<\/p>\n<p>Du brauchst ein Geschenk zur Geburt, Taufe oder ein kleines Mitbringsel zum ersten Besuch?<br \/>\nDieser Polster ist 50&#215;50 cm gro\u00df mit F\u00fcllmaterial, ist aus Baumwolle und kann umgedreht mit 30 Grad  gewaschen werden.<\/p>\n<p>Ich gehe gerne auf deine W\u00fcnsche ein und zusammen gestalten wir dein besonderes Geschenk.<\/p>\n","protected":false},"excerpt":{"rendered":"<p>&#8222;Kleines Wunder&#8220; Kinderpolster f\u00fcrs Kinderzimmer Es ist einfach wunderbar, wenn man frisch gebackene M\u00fctter beschenken kann! Du brauchst ein Geschenk zur Geburt, Taufe oder ein kleines Mitbringsel zum ersten Besuch? Dieser Polster ist 50&#215;50 cm gro\u00df mit F\u00fcllmaterial, ist aus Baumwolle und kann umgedreht mit 30 Grad gewaschen werden. Ich gehe gerne auf deine W\u00fcnsche &hellip; <a href=\"https:\/\/www.regionalis.shop\/werke-mit-stil-corinna-sadleder\/shop\/polster-kinderzimmer-kleines-wunder\/\">Continued<\/a><\/p>\n","protected":false},"featured_media":1077,"template":"","meta":{"_acf_changed":false},"product_brand":[],"product_cat":[38,50],"product_tag":[],"class_list":{"0":"post-1076","1":"product","2":"type-product","3":"status-publish","4":"has-post-thumbnail","6":"product_cat-baby-kinder","7":"product_cat-kinderzimmer","9":"first","10":"instock","11":"purchasable","12":"product-type-simple"},"acf":[],"_links":{"self":[{"href":"https:\/\/www.regionalis.shop\/werke-mit-stil-corinna-sadleder\/wp-json\/wp\/v2\/product\/1076","targetHints":{"allow":["GET"]}}],"collection":[{"href":"https:\/\/www.regionalis.shop\/werke-mit-stil-corinna-sadleder\/wp-json\/wp\/v2\/product"}],"about":[{"href":"https:\/\/www.regionalis.shop\/werke-mit-stil-corinna-sadleder\/wp-json\/wp\/v2\/types\/product"}],"wp:featuredmedia":[{"embeddable":true,"href":"https:\/\/www.regionalis.shop\/werke-mit-stil-corinna-sadleder\/wp-json\/wp\/v2\/media\/1077"}],"wp:attachment":[{"href":"https:\/\/www.regionalis.shop\/werke-mit-stil-corinna-sadleder\/wp-json\/wp\/v2\/media?parent=1076"}],"wp:term":[{"taxonomy":"product_brand","embeddable":true,"href":"https:\/\/www.regionalis.shop\/werke-mit-stil-corinna-sadleder\/wp-json\/wp\/v2\/product_brand?post=1076"},{"taxonomy":"product_cat","embeddable":true,"href":"https:\/\/www.regionalis.shop\/werke-mit-stil-corinna-sadleder\/wp-json\/wp\/v2\/product_cat?post=1076"},{"taxonomy":"product_tag","embeddable":true,"href":"https:\/\/www.regionalis.shop\/werke-mit-stil-corinna-sadleder\/wp-json\/wp\/v2\/product_tag?post=1076"}],"curies":[{"name":"wp","href":"https:\/\/api.w.org\/{rel}","templated":true}]}}