{"id":1078,"date":"2025-04-18T03:00:49","date_gmt":"2025-04-18T01:00:49","guid":{"rendered":"https:\/\/www.regionalis.shop\/werke-mit-stil-corinna-sadleder\/product\/babybody-kurz-enkelkind\/"},"modified":"2025-04-18T03:00:49","modified_gmt":"2025-04-18T01:00:49","slug":"babybody-kurz-enkelkind","status":"publish","type":"product","link":"https:\/\/www.regionalis.shop\/werke-mit-stil-corinna-sadleder\/shop\/babybody-kurz-enkelkind\/","title":{"rendered":"Babybody\/kurz\/Enkelkind"},"content":{"rendered":"<p>&#8222;Enkelkind&#8220;<\/p>\n<p>Ein kurzer  wei\u00dfer  Babybody mit dem Druck<\/p>\n<p>Es ist einfach wunderbar, wenn man frisch gebackene oder auch werdende  Omas \u00fcberraschen kann!<\/p>\n<p>Du brauchst ein Geschenk zur Geburt, Taufe oder ein kleines Mitbringsel zum ersten Besuch?<br \/>\nDieser Body ist mit kurzen \u00c4rmeln und in gew\u00fcnschten Gr\u00f6\u00dfen verf\u00fcgbar.<br \/>\nEr ist aus Baumwolle und kann mit 30 Grad umgedreht gewaschen werden.<\/p>\n","protected":false},"excerpt":{"rendered":"<p>&#8222;Enkelkind&#8220; Ein kurzer wei\u00dfer Babybody mit dem Druck Es ist einfach wunderbar, wenn man frisch gebackene oder auch werdende Omas \u00fcberraschen kann! Du brauchst ein Geschenk zur Geburt, Taufe oder ein kleines Mitbringsel zum ersten Besuch? Dieser Body ist mit kurzen \u00c4rmeln und in gew\u00fcnschten Gr\u00f6\u00dfen verf\u00fcgbar. Er ist aus Baumwolle und kann mit 30 &hellip; <a href=\"https:\/\/www.regionalis.shop\/werke-mit-stil-corinna-sadleder\/shop\/babybody-kurz-enkelkind\/\">Continued<\/a><\/p>\n","protected":false},"featured_media":1079,"template":"","meta":{"_acf_changed":false},"product_brand":[],"product_cat":[38,49],"product_tag":[],"class_list":{"0":"post-1078","1":"product","2":"type-product","3":"status-publish","4":"has-post-thumbnail","6":"product_cat-baby-kinder","7":"product_cat-kinderkleidung","9":"first","10":"instock","11":"purchasable","12":"product-type-simple"},"acf":[],"_links":{"self":[{"href":"https:\/\/www.regionalis.shop\/werke-mit-stil-corinna-sadleder\/wp-json\/wp\/v2\/product\/1078","targetHints":{"allow":["GET"]}}],"collection":[{"href":"https:\/\/www.regionalis.shop\/werke-mit-stil-corinna-sadleder\/wp-json\/wp\/v2\/product"}],"about":[{"href":"https:\/\/www.regionalis.shop\/werke-mit-stil-corinna-sadleder\/wp-json\/wp\/v2\/types\/product"}],"wp:featuredmedia":[{"embeddable":true,"href":"https:\/\/www.regionalis.shop\/werke-mit-stil-corinna-sadleder\/wp-json\/wp\/v2\/media\/1079"}],"wp:attachment":[{"href":"https:\/\/www.regionalis.shop\/werke-mit-stil-corinna-sadleder\/wp-json\/wp\/v2\/media?parent=1078"}],"wp:term":[{"taxonomy":"product_brand","embeddable":true,"href":"https:\/\/www.regionalis.shop\/werke-mit-stil-corinna-sadleder\/wp-json\/wp\/v2\/product_brand?post=1078"},{"taxonomy":"product_cat","embeddable":true,"href":"https:\/\/www.regionalis.shop\/werke-mit-stil-corinna-sadleder\/wp-json\/wp\/v2\/product_cat?post=1078"},{"taxonomy":"product_tag","embeddable":true,"href":"https:\/\/www.regionalis.shop\/werke-mit-stil-corinna-sadleder\/wp-json\/wp\/v2\/product_tag?post=1078"}],"curies":[{"name":"wp","href":"https:\/\/api.w.org\/{rel}","templated":true}]}}