{"id":862,"date":"2025-05-24T13:44:06","date_gmt":"2025-05-24T11:44:06","guid":{"rendered":"https:\/\/starter.stage.shop-it.at\/?page_id=862"},"modified":"2025-10-23T15:21:37","modified_gmt":"2025-10-23T13:21:37","slug":"startseite","status":"publish","type":"page","link":"https:\/\/www.regionalis.shop\/wunschleben\/","title":{"rendered":"Startseite"},"content":{"rendered":"<section>\n        <div class=\"header-image\">\n            <img decoding=\"async\" src=\"https:\/\/www.regionalis.shop\/app\/uploads\/sites\/651\/6446_2023_01_14_16_07_54_581012391.jpg\" alt=\"\">\n        <\/div>\n    \n    <\/section>\n    <section>\n    <div class=\"header-title\">\n        <h1 class=\"h2\">Willkommen bei WUNSCHLEBEN<\/h1>\n    <\/div>\n            <h2 class=\"h3\">Handgemacht in Hainburg an der Donau<\/h2>\n                <p>Atelier f\u00fcr feine Papeterie und sch\u00f6ne Dinge!<\/p>\n<p>In detailreicher Handarbeit fertigte ich Papeterie aller Art f\u00fcr jeden Anlass an.  Gru\u00dfkarten, Geschenkpapier aber auch Auftragsarbeiten &#8211; ma\u00dfgeschneidert auf Ihren Wunsch und Geschmack.<\/p>\n<p>Meine Arbeiten fertige ich von Hand, mit Aquarellfarben gemalt und teilweise mit einem sch\u00f6nen Lettering &#8211; Schriftzug versehen, um anschlie\u00dfend auf hochwertigem Papier gedruckt zu werden.<\/p>\n<p>Einen Blick auf all meine Produkte finden Sie auf www.wunschleben.at oder auf Instagram unter #wunschlebenat \/ Kontakt: katharina@wunschleben.at<\/p>\n\n    \n    <h3>Produkte<\/h3>\n\n    <div class=\"woocommerce columns-3 \"><ul class=\"products columns-3\">\n<li class=\"product type-product post-1115 status-publish first instock product_cat-geschenksets product_cat-uncategorised product_cat-verpacken-verstauen has-post-thumbnail taxable shipping-taxable purchasable product-type-variable\">\n\t<a href=\"https:\/\/www.regionalis.shop\/wunschleben\/shop\/weihnachtssaeckchen-small-und-medium\/\" class=\"woocommerce-LoopProduct-link woocommerce-loop-product__link\"><div class=\"wc-block-grid__product-image\"><img loading=\"lazy\" decoding=\"async\" width=\"768\" height=\"1024\" src=\"https:\/\/www.regionalis.shop\/app\/uploads\/sites\/651\/Weihnachtssaeckchen-1-768x1024.jpeg\" class=\"attachment-large size-large\" alt=\"Weihnachtss\u00e4ckchen small und medium\" srcset=\"https:\/\/www.regionalis.shop\/app\/uploads\/sites\/651\/Weihnachtssaeckchen-1-768x1024.jpeg 768w, https:\/\/www.regionalis.shop\/app\/uploads\/sites\/651\/Weihnachtssaeckchen-1-225x300.jpeg 225w, https:\/\/www.regionalis.shop\/app\/uploads\/sites\/651\/Weihnachtssaeckchen-1-600x800.jpeg 600w, https:\/\/www.regionalis.shop\/app\/uploads\/sites\/651\/Weihnachtssaeckchen-1.jpeg 810w\" sizes=\"auto, (max-width: 768px) 100vw, 768px\" \/><\/div><h2 class=\"woocommerce-loop-product__title\">Weihnachtss\u00e4ckchen small und medium<\/h2>\n\t<span class=\"price\"><span class=\"woocommerce-Price-amount amount\" aria-hidden=\"true\"><bdi>6,00&nbsp;<span class=\"woocommerce-Price-currencySymbol\">&euro;<\/span><\/bdi><\/span> <span aria-hidden=\"true\">&ndash;<\/span> <span class=\"woocommerce-Price-amount amount\" aria-hidden=\"true\"><bdi>9,00&nbsp;<span class=\"woocommerce-Price-currencySymbol\">&euro;<\/span><\/bdi><\/span><span class=\"screen-reader-text\">Price range: 6,00&nbsp;&euro; through 9,00&nbsp;&euro;<\/span><\/span>\n<\/a><\/li>\n<li class=\"product type-product post-1111 status-publish instock product_cat-essen-trinken product_cat-nachhaltiger-haushalt product_cat-wohndekoration has-post-thumbnail taxable shipping-taxable purchasable product-type-simple\">\n\t<a href=\"https:\/\/www.regionalis.shop\/wunschleben\/shop\/jausenbrett-cest-bien\/\" class=\"woocommerce-LoopProduct-link woocommerce-loop-product__link\"><div class=\"wc-block-grid__product-image\"><img loading=\"lazy\" decoding=\"async\" width=\"450\" height=\"600\" src=\"https:\/\/www.regionalis.shop\/app\/uploads\/sites\/651\/Jausenbrett.jpg\" class=\"attachment-large size-large\" alt=\"Jausenbrett C\u00b4est bien\" srcset=\"https:\/\/www.regionalis.shop\/app\/uploads\/sites\/651\/Jausenbrett.jpg 450w, https:\/\/www.regionalis.shop\/app\/uploads\/sites\/651\/Jausenbrett-225x300.jpg 225w\" sizes=\"auto, (max-width: 450px) 100vw, 450px\" \/><\/div><h2 class=\"woocommerce-loop-product__title\">Jausenbrett C\u00b4est bien<\/h2>\n\t<span class=\"price\"><span class=\"woocommerce-Price-amount amount\"><bdi>19,00&nbsp;<span class=\"woocommerce-Price-currencySymbol\">&euro;<\/span><\/bdi><\/span><\/span>\n<\/a><\/li>\n<li class=\"product type-product post-1104 status-publish last instock product_cat-geschenk-gruskarten product_cat-papeterie-schreibwaren has-post-thumbnail taxable shipping-taxable purchasable product-type-simple\">\n\t<a href=\"https:\/\/www.regionalis.shop\/wunschleben\/shop\/kartenhalter-stern\/\" class=\"woocommerce-LoopProduct-link woocommerce-loop-product__link\"><div class=\"wc-block-grid__product-image\"><img loading=\"lazy\" decoding=\"async\" width=\"450\" height=\"600\" src=\"https:\/\/www.regionalis.shop\/app\/uploads\/sites\/651\/Kartenhalter2.jpg\" class=\"attachment-large size-large\" alt=\"Kartenhalter &quot;Stern&quot;\" srcset=\"https:\/\/www.regionalis.shop\/app\/uploads\/sites\/651\/Kartenhalter2.jpg 450w, https:\/\/www.regionalis.shop\/app\/uploads\/sites\/651\/Kartenhalter2-225x300.jpg 225w\" sizes=\"auto, (max-width: 450px) 100vw, 450px\" \/><\/div><h2 class=\"woocommerce-loop-product__title\">Kartenhalter &#8222;Stern&#8220;<\/h2>\n\t<span class=\"price\"><span class=\"woocommerce-Price-amount amount\"><bdi>19,00&nbsp;<span class=\"woocommerce-Price-currencySymbol\">&euro;<\/span><\/bdi><\/span><\/span>\n<\/a><\/li>\n<\/ul>\n<\/div>\n    <p>\n        <a href=\"https:\/\/www.regionalis.shop\/wunschleben\/shop\/\" class=\"btn btn-primary btn-icon-right\">\n            Alle Produkte <i class=\"bi bi-arrow-right-short\"><\/i>\n        <\/a>\n    <\/p>\n<\/section>\n\n<div data-block-name=\"woocommerce\/store-notices\" class=\"wc-block-store-notices woocommerce alignwide alignwide wp-block-woocommerce-store-notices\"><div class=\"woocommerce-notices-wrapper\"><\/div><\/div>","protected":false},"excerpt":{"rendered":"","protected":false},"author":1,"featured_media":0,"parent":0,"menu_order":0,"comment_status":"closed","ping_status":"closed","template":"template-home.blade.php","meta":{"_acf_changed":false,"footnotes":""},"class_list":["post-862","page","type-page","status-publish","hentry"],"acf":[],"_links":{"self":[{"href":"https:\/\/www.regionalis.shop\/wunschleben\/wp-json\/wp\/v2\/pages\/862","targetHints":{"allow":["GET"]}}],"collection":[{"href":"https:\/\/www.regionalis.shop\/wunschleben\/wp-json\/wp\/v2\/pages"}],"about":[{"href":"https:\/\/www.regionalis.shop\/wunschleben\/wp-json\/wp\/v2\/types\/page"}],"author":[{"embeddable":true,"href":"https:\/\/www.regionalis.shop\/wunschleben\/wp-json\/wp\/v2\/users\/1"}],"replies":[{"embeddable":true,"href":"https:\/\/www.regionalis.shop\/wunschleben\/wp-json\/wp\/v2\/comments?post=862"}],"version-history":[{"count":28,"href":"https:\/\/www.regionalis.shop\/wunschleben\/wp-json\/wp\/v2\/pages\/862\/revisions"}],"predecessor-version":[{"id":1041,"href":"https:\/\/www.regionalis.shop\/wunschleben\/wp-json\/wp\/v2\/pages\/862\/revisions\/1041"}],"wp:attachment":[{"href":"https:\/\/www.regionalis.shop\/wunschleben\/wp-json\/wp\/v2\/media?parent=862"}],"curies":[{"name":"wp","href":"https:\/\/api.w.org\/{rel}","templated":true}]}}