{"id":1052,"date":"2025-04-18T09:55:49","date_gmt":"2025-04-18T07:55:49","guid":{"rendered":"https:\/\/www.regionalis.shop\/wunschleben\/product\/recyceltes-geschirrtuch-marktstand\/"},"modified":"2025-04-18T09:55:49","modified_gmt":"2025-04-18T07:55:49","slug":"recyceltes-geschirrtuch-marktstand","status":"publish","type":"product","link":"https:\/\/www.regionalis.shop\/wunschleben\/shop\/recyceltes-geschirrtuch-marktstand\/","title":{"rendered":"Recyceltes Geschirrtuch &#8222;Marktstand&#8220;"},"content":{"rendered":"<p>Recycelt . Praktisch . Dezent<\/p>\n<p>Das Geschirrtuch &#8222;Marktstand&#8220; ist ein praktischer K\u00fcchenhelfen mit vielseitigem Design, passt in jede K\u00fcche.<\/p>\n<p>Produktinfo:<\/p>\n<p>Farbe: Natur meliert<br \/>\nMa\u00dfe: 55 x 55 cm<br \/>\n80% Baumwolle<br \/>\n20% Recyceltes Polyester<br \/>\nWaschbar bei 40\u00b0 Grad<\/p>\n","protected":false},"excerpt":{"rendered":"<p>Recycelt . Praktisch . Dezent Das Geschirrtuch &#8222;Marktstand&#8220; ist ein praktischer K\u00fcchenhelfen mit vielseitigem Design, passt in jede K\u00fcche. Produktinfo: Farbe: Natur meliert Ma\u00dfe: 55 x 55 cm 80% Baumwolle 20% Recyceltes Polyester Waschbar bei 40\u00b0 Grad<\/p>\n","protected":false},"featured_media":1053,"template":"","meta":{"_acf_changed":false},"product_brand":[],"product_cat":[103,104],"product_tag":[],"class_list":{"0":"post-1052","1":"product","2":"type-product","3":"status-publish","4":"has-post-thumbnail","6":"product_cat-wohnen-deko","7":"product_cat-wohntextilien","9":"first","10":"instock","11":"purchasable","12":"product-type-simple"},"acf":[],"_links":{"self":[{"href":"https:\/\/www.regionalis.shop\/wunschleben\/wp-json\/wp\/v2\/product\/1052","targetHints":{"allow":["GET"]}}],"collection":[{"href":"https:\/\/www.regionalis.shop\/wunschleben\/wp-json\/wp\/v2\/product"}],"about":[{"href":"https:\/\/www.regionalis.shop\/wunschleben\/wp-json\/wp\/v2\/types\/product"}],"wp:featuredmedia":[{"embeddable":true,"href":"https:\/\/www.regionalis.shop\/wunschleben\/wp-json\/wp\/v2\/media\/1053"}],"wp:attachment":[{"href":"https:\/\/www.regionalis.shop\/wunschleben\/wp-json\/wp\/v2\/media?parent=1052"}],"wp:term":[{"taxonomy":"product_brand","embeddable":true,"href":"https:\/\/www.regionalis.shop\/wunschleben\/wp-json\/wp\/v2\/product_brand?post=1052"},{"taxonomy":"product_cat","embeddable":true,"href":"https:\/\/www.regionalis.shop\/wunschleben\/wp-json\/wp\/v2\/product_cat?post=1052"},{"taxonomy":"product_tag","embeddable":true,"href":"https:\/\/www.regionalis.shop\/wunschleben\/wp-json\/wp\/v2\/product_tag?post=1052"}],"curies":[{"name":"wp","href":"https:\/\/api.w.org\/{rel}","templated":true}]}}