{"id":1075,"date":"2025-04-18T09:23:43","date_gmt":"2025-04-18T07:23:43","guid":{"rendered":"https:\/\/www.regionalis.shop\/wunschleben\/product\/artprint-einatmen-ausatmen\/"},"modified":"2025-04-18T09:23:43","modified_gmt":"2025-04-18T07:23:43","slug":"artprint-einatmen-ausatmen","status":"publish","type":"product","link":"https:\/\/www.regionalis.shop\/wunschleben\/shop\/artprint-einatmen-ausatmen\/","title":{"rendered":"Artprint &#8222;Einatmen Ausatmen&#8220;"},"content":{"rendered":"<p>Artprint\u00a0&#8222;Einatmen Ausatmen&#8220; <\/p>\n<p>Ein zeitloses Poster f\u00fcr dein Zuhause!<\/p>\n<p>Du m\u00f6chtest dein Zuhause etwas gem\u00fctlicher gestalten oder deine Bilderwand etwas erneuern?<\/p>\n<p>Vielleicht sagt dir eines der neuen Artprints von Wunschleben zu!?<\/p>\n<p>Wie alle Karten, wurde auch dieses Artprint von Hand mit Aquarellfarben gemalt.<\/p>\n<p>Anschlie\u00dfend wurde dieses Motiv auf 270gr strukturiertes Premiumpapier im A4 Format gedruckt.<\/p>\n<p>Wunschleben-Produkte sind in ihrer Herstellung sehr hochwertig und individuell.<br \/>\nAuf Wunsch kann das Artprint gerahmt werden. Preis: \u20ac 24,-<\/p>\n<p>Produktdetails:<\/p>\n<p>Ma\u00dfe:<br \/>\nA4 29,7 x 21 cm<\/p>\n<p>Papier:<br \/>\n270gr strukturiertes Premiumpapier<\/p>\n<p>Preis:<br \/>\nPoster 16 \u20ac zzgl. Porto<\/p>\n","protected":false},"excerpt":{"rendered":"<p>Artprint\u00a0&#8222;Einatmen Ausatmen&#8220; Ein zeitloses Poster f\u00fcr dein Zuhause! Du m\u00f6chtest dein Zuhause etwas gem\u00fctlicher gestalten oder deine Bilderwand etwas erneuern? Vielleicht sagt dir eines der neuen Artprints von Wunschleben zu!? Wie alle Karten, wurde auch dieses Artprint von Hand mit Aquarellfarben gemalt. Anschlie\u00dfend wurde dieses Motiv auf 270gr strukturiertes Premiumpapier im A4 Format gedruckt. Wunschleben-Produkte &hellip; <a href=\"https:\/\/www.regionalis.shop\/wunschleben\/shop\/artprint-einatmen-ausatmen\/\">Continued<\/a><\/p>\n","protected":false},"featured_media":1076,"template":"","meta":{"_acf_changed":false},"product_brand":[],"product_cat":[134,62],"product_tag":[],"class_list":{"0":"post-1075","1":"product","2":"type-product","3":"status-publish","4":"has-post-thumbnail","6":"product_cat-geschenk-gruskarten","7":"product_cat-papeterie-schreibwaren","9":"first","10":"instock","11":"purchasable","12":"product-type-simple"},"acf":[],"_links":{"self":[{"href":"https:\/\/www.regionalis.shop\/wunschleben\/wp-json\/wp\/v2\/product\/1075","targetHints":{"allow":["GET"]}}],"collection":[{"href":"https:\/\/www.regionalis.shop\/wunschleben\/wp-json\/wp\/v2\/product"}],"about":[{"href":"https:\/\/www.regionalis.shop\/wunschleben\/wp-json\/wp\/v2\/types\/product"}],"wp:featuredmedia":[{"embeddable":true,"href":"https:\/\/www.regionalis.shop\/wunschleben\/wp-json\/wp\/v2\/media\/1076"}],"wp:attachment":[{"href":"https:\/\/www.regionalis.shop\/wunschleben\/wp-json\/wp\/v2\/media?parent=1075"}],"wp:term":[{"taxonomy":"product_brand","embeddable":true,"href":"https:\/\/www.regionalis.shop\/wunschleben\/wp-json\/wp\/v2\/product_brand?post=1075"},{"taxonomy":"product_cat","embeddable":true,"href":"https:\/\/www.regionalis.shop\/wunschleben\/wp-json\/wp\/v2\/product_cat?post=1075"},{"taxonomy":"product_tag","embeddable":true,"href":"https:\/\/www.regionalis.shop\/wunschleben\/wp-json\/wp\/v2\/product_tag?post=1075"}],"curies":[{"name":"wp","href":"https:\/\/api.w.org\/{rel}","templated":true}]}}