{"id":1090,"date":"2025-04-18T09:22:40","date_gmt":"2025-04-18T07:22:40","guid":{"rendered":"https:\/\/www.regionalis.shop\/wunschleben\/product\/grusskarte-happy-hasi\/"},"modified":"2025-04-18T09:22:40","modified_gmt":"2025-04-18T07:22:40","slug":"grusskarte-happy-hasi","status":"publish","type":"product","link":"https:\/\/www.regionalis.shop\/wunschleben\/shop\/grusskarte-happy-hasi\/","title":{"rendered":"Gru\u00dfkarte &#8222;Happy Hasi&#8220;"},"content":{"rendered":"<p>&#8222;Happy Hasi&#8220;<\/p>\n<p>Ostern kann kommen!<\/p>\n<p>Mache dir selbst oder deinem Lieblingsmenschen eine kleine Freude mit einer Wunschlebenkarte.<br \/>\nAlle Gru\u00dfkarten werden von Hand mit Aquarellfarben gemalt und teilweise mit einem sch\u00f6nen Schriftzug versehen.<\/p>\n<p>Anschlie\u00dfend werden die Motive auf 300gr Leinenpapier gedruckt.<\/p>\n<p>Wunschleben-Produkte sind in ihrer Herstellung sehr hochwertig und individuell.<\/p>\n<p>Die\/Der Beschenkte bekommt eine limitierte Karte die Einzigartig ist.<\/p>\n<p>WICHTIG: Gib bei deiner Bestellung gerne den Wunsch deiner Kuvertfarbe an. Rosa, Senfgelb und Gr\u00fcn stehen dir zur Verf\u00fcgung.<\/p>\n<p>Produktdetails:<\/p>\n<p>10,5 x 15 cm strukturiertes Leinenpapier<\/p>\n","protected":false},"excerpt":{"rendered":"<p>&#8222;Happy Hasi&#8220; Ostern kann kommen! Mache dir selbst oder deinem Lieblingsmenschen eine kleine Freude mit einer Wunschlebenkarte. Alle Gru\u00dfkarten werden von Hand mit Aquarellfarben gemalt und teilweise mit einem sch\u00f6nen Schriftzug versehen. Anschlie\u00dfend werden die Motive auf 300gr Leinenpapier gedruckt. Wunschleben-Produkte sind in ihrer Herstellung sehr hochwertig und individuell. Die\/Der Beschenkte bekommt eine limitierte Karte &hellip; <a href=\"https:\/\/www.regionalis.shop\/wunschleben\/shop\/grusskarte-happy-hasi\/\">Continued<\/a><\/p>\n","protected":false},"featured_media":1091,"template":"","meta":{"_acf_changed":false},"product_brand":[],"product_cat":[134,62],"product_tag":[],"class_list":{"0":"post-1090","1":"product","2":"type-product","3":"status-publish","4":"has-post-thumbnail","6":"product_cat-geschenk-gruskarten","7":"product_cat-papeterie-schreibwaren","9":"first","10":"instock","11":"purchasable","12":"product-type-simple"},"acf":[],"_links":{"self":[{"href":"https:\/\/www.regionalis.shop\/wunschleben\/wp-json\/wp\/v2\/product\/1090","targetHints":{"allow":["GET"]}}],"collection":[{"href":"https:\/\/www.regionalis.shop\/wunschleben\/wp-json\/wp\/v2\/product"}],"about":[{"href":"https:\/\/www.regionalis.shop\/wunschleben\/wp-json\/wp\/v2\/types\/product"}],"wp:featuredmedia":[{"embeddable":true,"href":"https:\/\/www.regionalis.shop\/wunschleben\/wp-json\/wp\/v2\/media\/1091"}],"wp:attachment":[{"href":"https:\/\/www.regionalis.shop\/wunschleben\/wp-json\/wp\/v2\/media?parent=1090"}],"wp:term":[{"taxonomy":"product_brand","embeddable":true,"href":"https:\/\/www.regionalis.shop\/wunschleben\/wp-json\/wp\/v2\/product_brand?post=1090"},{"taxonomy":"product_cat","embeddable":true,"href":"https:\/\/www.regionalis.shop\/wunschleben\/wp-json\/wp\/v2\/product_cat?post=1090"},{"taxonomy":"product_tag","embeddable":true,"href":"https:\/\/www.regionalis.shop\/wunschleben\/wp-json\/wp\/v2\/product_tag?post=1090"}],"curies":[{"name":"wp","href":"https:\/\/api.w.org\/{rel}","templated":true}]}}