{"id":1096,"date":"2025-11-04T09:35:08","date_gmt":"2025-11-04T08:35:08","guid":{"rendered":"https:\/\/www.regionalis.shop\/wunschleben\/?post_type=product&#038;p=1096"},"modified":"2025-11-04T09:35:09","modified_gmt":"2025-11-04T08:35:09","slug":"grusskarte-more-amore","status":"publish","type":"product","link":"https:\/\/www.regionalis.shop\/wunschleben\/shop\/grusskarte-more-amore\/","title":{"rendered":"Gru\u00dfkarte &#8222;More Amore&#8220;"},"content":{"rendered":"<p>Gru\u00dfkarte &#8222;More Amore&#8220;<\/p>\n<p><strong>Gru\u00dfkarte mit Lettering<\/strong><\/p>\n<p>Die Karte wurde mit viel Liebe zum Detail digital gezeichnet und besticht durch ein filigranes Design. Das kunstvolle Lettering, das die Karte ziert, setzt Ihre Botschaft auf stilvolle Weise in Szene. Ideal f\u00fcr alle Anl\u00e4sse, um jemandem eine Freude zu machen.<\/p>\n<p>Jede Karte ist ein kleines Kunstwerk, das mit seinem modernen, aber dennoch zeitlosen Charme Herzen erobert. Der hochwertige Druck sorgt daf\u00fcr, dass die feinen Details und das kreative Lettering perfekt zur Geltung kommen. Lassen Sie sich von der Sch\u00f6nheit dieses handgefertigten Designs inspirieren und senden Sie mit dieser Karte Ihre herzlichsten Gr\u00fc\u00dfe.<\/p>\n<p>Produktdetails:<\/p>\n<p><em>Ma\u00dfe:<\/em><\/p>\n<ul>\n<li>10,5 x 15 cm<\/li>\n<\/ul>\n<p><em>Papier:<\/em><\/p>\n<ul>\n<li>\u00a0300gr Recycling Papier<\/li>\n<\/ul>\n<p><em>Preis:<\/em> 4,00 \u20ac zzgl. Porto<\/p>\n","protected":false},"excerpt":{"rendered":"<p>Gru\u00dfkarte &#8222;More Amore&#8220; Gru\u00dfkarte mit Lettering Die Karte wurde mit viel Liebe zum Detail digital gezeichnet und besticht durch ein filigranes Design. Das kunstvolle Lettering, das die Karte ziert, setzt Ihre Botschaft auf stilvolle Weise in Szene. Ideal f\u00fcr alle Anl\u00e4sse, um jemandem eine Freude zu machen. Jede Karte ist ein kleines Kunstwerk, das mit &hellip; <a href=\"https:\/\/www.regionalis.shop\/wunschleben\/shop\/grusskarte-more-amore\/\">Continued<\/a><\/p>\n","protected":false},"featured_media":1097,"template":"","meta":{"_acf_changed":false},"product_brand":[],"product_cat":[18],"product_tag":[],"class_list":{"0":"post-1096","1":"product","2":"type-product","3":"status-publish","4":"has-post-thumbnail","6":"product_cat-uncategorised","8":"first","9":"instock","10":"taxable","11":"shipping-taxable","12":"purchasable","13":"product-type-simple"},"acf":[],"_links":{"self":[{"href":"https:\/\/www.regionalis.shop\/wunschleben\/wp-json\/wp\/v2\/product\/1096","targetHints":{"allow":["GET"]}}],"collection":[{"href":"https:\/\/www.regionalis.shop\/wunschleben\/wp-json\/wp\/v2\/product"}],"about":[{"href":"https:\/\/www.regionalis.shop\/wunschleben\/wp-json\/wp\/v2\/types\/product"}],"wp:featuredmedia":[{"embeddable":true,"href":"https:\/\/www.regionalis.shop\/wunschleben\/wp-json\/wp\/v2\/media\/1097"}],"wp:attachment":[{"href":"https:\/\/www.regionalis.shop\/wunschleben\/wp-json\/wp\/v2\/media?parent=1096"}],"wp:term":[{"taxonomy":"product_brand","embeddable":true,"href":"https:\/\/www.regionalis.shop\/wunschleben\/wp-json\/wp\/v2\/product_brand?post=1096"},{"taxonomy":"product_cat","embeddable":true,"href":"https:\/\/www.regionalis.shop\/wunschleben\/wp-json\/wp\/v2\/product_cat?post=1096"},{"taxonomy":"product_tag","embeddable":true,"href":"https:\/\/www.regionalis.shop\/wunschleben\/wp-json\/wp\/v2\/product_tag?post=1096"}],"curies":[{"name":"wp","href":"https:\/\/api.w.org\/{rel}","templated":true}]}}