{"id":1111,"date":"2025-11-04T09:51:39","date_gmt":"2025-11-04T08:51:39","guid":{"rendered":"https:\/\/www.regionalis.shop\/wunschleben\/?post_type=product&#038;p=1111"},"modified":"2025-11-04T09:51:40","modified_gmt":"2025-11-04T08:51:40","slug":"jausenbrett-cest-bien","status":"publish","type":"product","link":"https:\/\/www.regionalis.shop\/wunschleben\/shop\/jausenbrett-cest-bien\/","title":{"rendered":"Jausenbrett C\u00b4est bien"},"content":{"rendered":"<p>Jausenbrett C\u00b4est bien<\/p>\n<p>Unschlagbar! Dieses wundersch\u00f6ne Jausenbrett mit Gravur.<\/p>\n<p>Sowohl als Dekoelement als auch als n\u00fctzlicher Begleiter im Alltag ist dieses zauberhafte Jausenbrett einsetzbar.<\/p>\n<p>Passt in jede K\u00fcche.<\/p>\n<p>&nbsp;<\/p>\n<p><em>Produktinfo:<\/em><\/p>\n<p>Ma\u00dfe: 21 cm rund<\/p>\n<p>Holz: Eiche<\/p>\n<p>Preis: \u20ac19,- zzgl. Porto<\/p>\n<p><strong>Good to know:<\/strong><\/p>\n<p>Nicht Sp\u00fclmaschinenfest.<\/p>\n<p>Regional produziert und designt.<\/p>\n","protected":false},"excerpt":{"rendered":"<p>Jausenbrett C\u00b4est bien Unschlagbar! Dieses wundersch\u00f6ne Jausenbrett mit Gravur. Sowohl als Dekoelement als auch als n\u00fctzlicher Begleiter im Alltag ist dieses zauberhafte Jausenbrett einsetzbar. Passt in jede K\u00fcche. &nbsp; Produktinfo: Ma\u00dfe: 21 cm rund Holz: Eiche Preis: \u20ac19,- zzgl. Porto Good to know: Nicht Sp\u00fclmaschinenfest. Regional produziert und designt.<\/p>\n","protected":false},"featured_media":1112,"template":"","meta":{"_acf_changed":false},"product_brand":[],"product_cat":[127,160,174],"product_tag":[],"class_list":{"0":"post-1111","1":"product","2":"type-product","3":"status-publish","4":"has-post-thumbnail","6":"product_cat-essen-trinken","7":"product_cat-nachhaltiger-haushalt","8":"product_cat-wohndekoration","10":"first","11":"instock","12":"taxable","13":"shipping-taxable","14":"purchasable","15":"product-type-simple"},"acf":[],"_links":{"self":[{"href":"https:\/\/www.regionalis.shop\/wunschleben\/wp-json\/wp\/v2\/product\/1111","targetHints":{"allow":["GET"]}}],"collection":[{"href":"https:\/\/www.regionalis.shop\/wunschleben\/wp-json\/wp\/v2\/product"}],"about":[{"href":"https:\/\/www.regionalis.shop\/wunschleben\/wp-json\/wp\/v2\/types\/product"}],"wp:featuredmedia":[{"embeddable":true,"href":"https:\/\/www.regionalis.shop\/wunschleben\/wp-json\/wp\/v2\/media\/1112"}],"wp:attachment":[{"href":"https:\/\/www.regionalis.shop\/wunschleben\/wp-json\/wp\/v2\/media?parent=1111"}],"wp:term":[{"taxonomy":"product_brand","embeddable":true,"href":"https:\/\/www.regionalis.shop\/wunschleben\/wp-json\/wp\/v2\/product_brand?post=1111"},{"taxonomy":"product_cat","embeddable":true,"href":"https:\/\/www.regionalis.shop\/wunschleben\/wp-json\/wp\/v2\/product_cat?post=1111"},{"taxonomy":"product_tag","embeddable":true,"href":"https:\/\/www.regionalis.shop\/wunschleben\/wp-json\/wp\/v2\/product_tag?post=1111"}],"curies":[{"name":"wp","href":"https:\/\/api.w.org\/{rel}","templated":true}]}}