{"id":1115,"date":"2025-11-04T10:30:22","date_gmt":"2025-11-04T09:30:22","guid":{"rendered":"https:\/\/www.regionalis.shop\/wunschleben\/?post_type=product&#038;p=1115"},"modified":"2025-11-04T10:30:23","modified_gmt":"2025-11-04T09:30:23","slug":"weihnachtssaeckchen-small-und-medium","status":"publish","type":"product","link":"https:\/\/www.regionalis.shop\/wunschleben\/shop\/weihnachtssaeckchen-small-und-medium\/","title":{"rendered":"Weihnachtss\u00e4ckchen small und medium"},"content":{"rendered":"<p>&#8222;Weihnachtss\u00e4ckchen&#8220;<\/p>\n<p>Du suchst nach einer Alternative um deine Weihnachtsgeschenke einzupacken und m\u00f6chtest den M\u00fcll in der Weihnachtszeit reduzieren?<\/p>\n<p>Die Stoffs\u00e4ckchen mit Kordelzug eignen sich hervorragend daf\u00fcr.<\/p>\n<p>Erh\u00e4ltlich in zwei Gr\u00f6\u00dfen:<\/p>\n<p><em>small:<\/em> 14,5 x 20 cm<\/p>\n<p><em>medium:<\/em> 23 x 33,5 cm<\/p>\n<p><em>Produktdetails:<\/em><\/p>\n<p>100% Baumwolle<\/p>\n<p>Wie alle Wunschleben-Produkte wurde auch Dieses mit sehr viel Liebe f\u00fcr dich illustriert.<\/p>\n<p>Viel Freude!<\/p>\n<p>PS: Das Sch\u00f6ne ist, dass du die Weihnachtss\u00e4ckchen wieder verwenden kannst!<\/p>\n","protected":false},"excerpt":{"rendered":"<p>&#8222;Weihnachtss\u00e4ckchen&#8220; Du suchst nach einer Alternative um deine Weihnachtsgeschenke einzupacken und m\u00f6chtest den M\u00fcll in der Weihnachtszeit reduzieren? Die Stoffs\u00e4ckchen mit Kordelzug eignen sich hervorragend daf\u00fcr. Erh\u00e4ltlich in zwei Gr\u00f6\u00dfen: small: 14,5 x 20 cm medium: 23 x 33,5 cm Produktdetails: 100% Baumwolle Wie alle Wunschleben-Produkte wurde auch Dieses mit sehr viel Liebe f\u00fcr dich &hellip; <a href=\"https:\/\/www.regionalis.shop\/wunschleben\/shop\/weihnachtssaeckchen-small-und-medium\/\">Continued<\/a><\/p>\n","protected":false},"featured_media":1118,"template":"","meta":{"_acf_changed":false},"product_brand":[],"product_cat":[137,18,172],"product_tag":[],"class_list":{"0":"post-1115","1":"product","2":"type-product","3":"status-publish","4":"has-post-thumbnail","6":"product_cat-geschenksets","7":"product_cat-uncategorised","8":"product_cat-verpacken-verstauen","10":"first","11":"instock","12":"taxable","13":"shipping-taxable","14":"purchasable","15":"product-type-variable"},"acf":[],"_links":{"self":[{"href":"https:\/\/www.regionalis.shop\/wunschleben\/wp-json\/wp\/v2\/product\/1115","targetHints":{"allow":["GET"]}}],"collection":[{"href":"https:\/\/www.regionalis.shop\/wunschleben\/wp-json\/wp\/v2\/product"}],"about":[{"href":"https:\/\/www.regionalis.shop\/wunschleben\/wp-json\/wp\/v2\/types\/product"}],"wp:featuredmedia":[{"embeddable":true,"href":"https:\/\/www.regionalis.shop\/wunschleben\/wp-json\/wp\/v2\/media\/1118"}],"wp:attachment":[{"href":"https:\/\/www.regionalis.shop\/wunschleben\/wp-json\/wp\/v2\/media?parent=1115"}],"wp:term":[{"taxonomy":"product_brand","embeddable":true,"href":"https:\/\/www.regionalis.shop\/wunschleben\/wp-json\/wp\/v2\/product_brand?post=1115"},{"taxonomy":"product_cat","embeddable":true,"href":"https:\/\/www.regionalis.shop\/wunschleben\/wp-json\/wp\/v2\/product_cat?post=1115"},{"taxonomy":"product_tag","embeddable":true,"href":"https:\/\/www.regionalis.shop\/wunschleben\/wp-json\/wp\/v2\/product_tag?post=1115"}],"curies":[{"name":"wp","href":"https:\/\/api.w.org\/{rel}","templated":true}]}}