{"id":1042,"date":"2025-10-23T16:14:07","date_gmt":"2025-10-23T14:14:07","guid":{"rendered":"https:\/\/www.regionalis.shop\/wurmis-holzdeko\/?page_id=1042"},"modified":"2025-10-23T16:16:34","modified_gmt":"2025-10-23T14:16:34","slug":"impressum","status":"publish","type":"page","link":"https:\/\/www.regionalis.shop\/wurmis-holzdeko\/impressum\/","title":{"rendered":"Impressum"},"content":{"rendered":"<section>\n            <p>&#8222;&#8211;Jedes St\u00fcck ein Unikat &#8211; Keine Massenware&#8220;&#8211;<\/p>\n<p>Besucht auch unseren Onlineshop:<br \/>\n&#8211;www.wurmis-holzdeko.at&#8211;<\/p>\n<p>Jedes St\u00fcck wird in sorgf\u00e4ltigster Arbeit gefertigt &#8211; auch die Holzmaserung ist niemals die Gleiche &#8211; so ist jedes St\u00fcck ein besonderes Unikat und kein Massenprodukt! Ich lege einen gro\u00dfen Wert auf eine hohe Qualit\u00e4t und eine sorgf\u00e4ltige Verarbeitung meiner Produkte!<\/p>\n<p>Ich m\u00f6chte Euch hier meine Arbeiten pr\u00e4sentieren, die ich in zeitaufw\u00e4ndiger Arbeit entwerfe und fertige.<br \/>\nDiese einzigartigen Produkte findet Ihr im Online Shop. Das reicht von zeitlosen Geschenks-Ideen bis hin zu saisonalen Dekorationsartikel.<\/p>\n\n    <\/section>","protected":false},"excerpt":{"rendered":"","protected":false},"author":1,"featured_media":0,"parent":0,"menu_order":0,"comment_status":"closed","ping_status":"closed","template":"","meta":{"_acf_changed":false,"footnotes":""},"class_list":["post-1042","page","type-page","status-publish","hentry"],"acf":[],"_links":{"self":[{"href":"https:\/\/www.regionalis.shop\/wurmis-holzdeko\/wp-json\/wp\/v2\/pages\/1042","targetHints":{"allow":["GET"]}}],"collection":[{"href":"https:\/\/www.regionalis.shop\/wurmis-holzdeko\/wp-json\/wp\/v2\/pages"}],"about":[{"href":"https:\/\/www.regionalis.shop\/wurmis-holzdeko\/wp-json\/wp\/v2\/types\/page"}],"author":[{"embeddable":true,"href":"https:\/\/www.regionalis.shop\/wurmis-holzdeko\/wp-json\/wp\/v2\/users\/1"}],"replies":[{"embeddable":true,"href":"https:\/\/www.regionalis.shop\/wurmis-holzdeko\/wp-json\/wp\/v2\/comments?post=1042"}],"version-history":[{"count":2,"href":"https:\/\/www.regionalis.shop\/wurmis-holzdeko\/wp-json\/wp\/v2\/pages\/1042\/revisions"}],"predecessor-version":[{"id":1044,"href":"https:\/\/www.regionalis.shop\/wurmis-holzdeko\/wp-json\/wp\/v2\/pages\/1042\/revisions\/1044"}],"wp:attachment":[{"href":"https:\/\/www.regionalis.shop\/wurmis-holzdeko\/wp-json\/wp\/v2\/media?parent=1042"}],"curies":[{"name":"wp","href":"https:\/\/api.w.org\/{rel}","templated":true}]}}