{"id":1054,"date":"2025-04-18T04:37:02","date_gmt":"2025-04-18T02:37:02","guid":{"rendered":"https:\/\/www.regionalis.shop\/wurmis-holzdeko\/product\/gluecksbringer-emoji-bussi\/"},"modified":"2025-11-29T19:44:15","modified_gmt":"2025-11-29T18:44:15","slug":"gluecksbringer-emoji-bussi","status":"publish","type":"product","link":"https:\/\/www.regionalis.shop\/wurmis-holzdeko\/shop\/gluecksbringer-emoji-bussi\/","title":{"rendered":"Gl\u00fccksbringer Emoji &#8211; Bussi"},"content":{"rendered":"<p>ABSOLUT EINZIGARTIG &#8211; dieser Emoji Gl\u00fccksbringer f\u00fcr 2022!<\/p>\n<p>Garantiert ein Schmunzeln beim Beschenkten \ud83d\ude09<\/p>\n","protected":false},"excerpt":{"rendered":"<p>ABSOLUT EINZIGARTIG &#8211; dieser Emoji Gl\u00fccksbringer f\u00fcr 2022! Garantiert ein Schmunzeln beim Beschenkten \ud83d\ude09<\/p>\n","protected":false},"featured_media":1055,"template":"","meta":{"_acf_changed":false},"product_brand":[],"product_cat":[162,83],"product_tag":[],"class_list":{"0":"post-1054","1":"product","2":"type-product","3":"status-publish","4":"has-post-thumbnail","6":"product_cat-null","7":"product_cat-sonstiges","9":"first","10":"outofstock","11":"purchasable","12":"product-type-simple"},"acf":[],"_links":{"self":[{"href":"https:\/\/www.regionalis.shop\/wurmis-holzdeko\/wp-json\/wp\/v2\/product\/1054","targetHints":{"allow":["GET"]}}],"collection":[{"href":"https:\/\/www.regionalis.shop\/wurmis-holzdeko\/wp-json\/wp\/v2\/product"}],"about":[{"href":"https:\/\/www.regionalis.shop\/wurmis-holzdeko\/wp-json\/wp\/v2\/types\/product"}],"wp:featuredmedia":[{"embeddable":true,"href":"https:\/\/www.regionalis.shop\/wurmis-holzdeko\/wp-json\/wp\/v2\/media\/1055"}],"wp:attachment":[{"href":"https:\/\/www.regionalis.shop\/wurmis-holzdeko\/wp-json\/wp\/v2\/media?parent=1054"}],"wp:term":[{"taxonomy":"product_brand","embeddable":true,"href":"https:\/\/www.regionalis.shop\/wurmis-holzdeko\/wp-json\/wp\/v2\/product_brand?post=1054"},{"taxonomy":"product_cat","embeddable":true,"href":"https:\/\/www.regionalis.shop\/wurmis-holzdeko\/wp-json\/wp\/v2\/product_cat?post=1054"},{"taxonomy":"product_tag","embeddable":true,"href":"https:\/\/www.regionalis.shop\/wurmis-holzdeko\/wp-json\/wp\/v2\/product_tag?post=1054"}],"curies":[{"name":"wp","href":"https:\/\/api.w.org\/{rel}","templated":true}]}}