{"id":1063,"date":"2025-04-18T04:04:26","date_gmt":"2025-04-18T02:04:26","guid":{"rendered":"https:\/\/www.regionalis.shop\/wurmis-holzdeko\/product\/reisetagebuch-meine-reisen-holztagebuch\/"},"modified":"2025-11-29T19:44:17","modified_gmt":"2025-11-29T18:44:17","slug":"reisetagebuch-meine-reisen-holztagebuch","status":"publish","type":"product","link":"https:\/\/www.regionalis.shop\/wurmis-holzdeko\/shop\/reisetagebuch-meine-reisen-holztagebuch\/","title":{"rendered":"Reisetagebuch Meine Reisen &#8211; Holztagebuch"},"content":{"rendered":"<p>Aufregende Abenteuer, sch\u00f6ne Urlaube oder tolle Ausfl\u00fcge.<br \/>\nDas Reisetagebuch aus Holz bietet viel Freiraum zum Festhalten der sch\u00f6nsten Erlebnisse.<br \/>\nIdeal auch als originelles Geschenk.<\/p>\n<p>Das Buch bietet Platz f\u00fcr 86 Reisetage. Au\u00dferdem bietet es Platz f\u00fcr Packliste, Checkliste, Notfallkontakte, wichtige Adresse, Weltkarte zum Markieren, Watchliste und auch ein kleiner Sprachf\u00fchrer ist integriert! <\/p>\n<p>Techn. Details:<br \/>\nDrahtgebundendes Buch A5 mit 102 Seiten<br \/>\nAbmessungen: 216x156xmm<\/p>\n","protected":false},"excerpt":{"rendered":"<p>Aufregende Abenteuer, sch\u00f6ne Urlaube oder tolle Ausfl\u00fcge. Das Reisetagebuch aus Holz bietet viel Freiraum zum Festhalten der sch\u00f6nsten Erlebnisse. Ideal auch als originelles Geschenk. Das Buch bietet Platz f\u00fcr 86 Reisetage. Au\u00dferdem bietet es Platz f\u00fcr Packliste, Checkliste, Notfallkontakte, wichtige Adresse, Weltkarte zum Markieren, Watchliste und auch ein kleiner Sprachf\u00fchrer ist integriert! Techn. Details: Drahtgebundendes &hellip; <a href=\"https:\/\/www.regionalis.shop\/wurmis-holzdeko\/shop\/reisetagebuch-meine-reisen-holztagebuch\/\">Continued<\/a><\/p>\n","protected":false},"featured_media":1064,"template":"","meta":{"_acf_changed":false},"product_brand":[],"product_cat":[161,62],"product_tag":[],"class_list":{"0":"post-1063","1":"product","2":"type-product","3":"status-publish","4":"has-post-thumbnail","6":"product_cat-notizhefte-skizzenbuecher","7":"product_cat-papeterie-schreibwaren","9":"first","10":"outofstock","11":"purchasable","12":"product-type-simple"},"acf":[],"_links":{"self":[{"href":"https:\/\/www.regionalis.shop\/wurmis-holzdeko\/wp-json\/wp\/v2\/product\/1063","targetHints":{"allow":["GET"]}}],"collection":[{"href":"https:\/\/www.regionalis.shop\/wurmis-holzdeko\/wp-json\/wp\/v2\/product"}],"about":[{"href":"https:\/\/www.regionalis.shop\/wurmis-holzdeko\/wp-json\/wp\/v2\/types\/product"}],"wp:featuredmedia":[{"embeddable":true,"href":"https:\/\/www.regionalis.shop\/wurmis-holzdeko\/wp-json\/wp\/v2\/media\/1064"}],"wp:attachment":[{"href":"https:\/\/www.regionalis.shop\/wurmis-holzdeko\/wp-json\/wp\/v2\/media?parent=1063"}],"wp:term":[{"taxonomy":"product_brand","embeddable":true,"href":"https:\/\/www.regionalis.shop\/wurmis-holzdeko\/wp-json\/wp\/v2\/product_brand?post=1063"},{"taxonomy":"product_cat","embeddable":true,"href":"https:\/\/www.regionalis.shop\/wurmis-holzdeko\/wp-json\/wp\/v2\/product_cat?post=1063"},{"taxonomy":"product_tag","embeddable":true,"href":"https:\/\/www.regionalis.shop\/wurmis-holzdeko\/wp-json\/wp\/v2\/product_tag?post=1063"}],"curies":[{"name":"wp","href":"https:\/\/api.w.org\/{rel}","templated":true}]}}