{"id":1068,"date":"2025-04-18T04:03:34","date_gmt":"2025-04-18T02:03:34","guid":{"rendered":"https:\/\/www.regionalis.shop\/wurmis-holzdeko\/product\/wandertagebuch-gipfelstuermer\/"},"modified":"2025-11-29T19:44:18","modified_gmt":"2025-11-29T18:44:18","slug":"wandertagebuch-gipfelstuermer","status":"publish","type":"product","link":"https:\/\/www.regionalis.shop\/wurmis-holzdeko\/shop\/wandertagebuch-gipfelstuermer\/","title":{"rendered":"Wandertagebuch Gipfelst\u00fcrmer"},"content":{"rendered":"<p>&#8212; Wandertagebuch aus Holz &#8212;<\/p>\n<p>Tolle Wanderungen, neu entdeckte H\u00fctten, kleine Skizzen, pers\u00f6nliche Gedanken und Fotos.<br \/>\nDas Wanderbuch aus Holz bietet viel Freiraum zum Festhalten der sch\u00f6nsten Bergerlebnisse.<br \/>\nIdeal auch als originelles Geschenk.<\/p>\n<p>Platz f\u00fcr 40 tolle Wanderungen.<\/p>\n<p>Techn. Details:<br \/>\nDrahtgebundender Terminplaner A5 mit 82 Seiten<br \/>\nAbmessungen: 216x156xmm<\/p>\n","protected":false},"excerpt":{"rendered":"<p>&#8212; Wandertagebuch aus Holz &#8212; Tolle Wanderungen, neu entdeckte H\u00fctten, kleine Skizzen, pers\u00f6nliche Gedanken und Fotos. Das Wanderbuch aus Holz bietet viel Freiraum zum Festhalten der sch\u00f6nsten Bergerlebnisse. Ideal auch als originelles Geschenk. Platz f\u00fcr 40 tolle Wanderungen. Techn. Details: Drahtgebundender Terminplaner A5 mit 82 Seiten Abmessungen: 216x156xmm<\/p>\n","protected":false},"featured_media":1069,"template":"","meta":{"_acf_changed":false},"product_brand":[],"product_cat":[37,82],"product_tag":[],"class_list":{"0":"post-1068","1":"product","2":"type-product","3":"status-publish","4":"has-post-thumbnail","6":"product_cat-accessoires","7":"product_cat-sonstiges-accessoires","9":"first","10":"outofstock","11":"purchasable","12":"product-type-simple"},"acf":[],"_links":{"self":[{"href":"https:\/\/www.regionalis.shop\/wurmis-holzdeko\/wp-json\/wp\/v2\/product\/1068","targetHints":{"allow":["GET"]}}],"collection":[{"href":"https:\/\/www.regionalis.shop\/wurmis-holzdeko\/wp-json\/wp\/v2\/product"}],"about":[{"href":"https:\/\/www.regionalis.shop\/wurmis-holzdeko\/wp-json\/wp\/v2\/types\/product"}],"wp:featuredmedia":[{"embeddable":true,"href":"https:\/\/www.regionalis.shop\/wurmis-holzdeko\/wp-json\/wp\/v2\/media\/1069"}],"wp:attachment":[{"href":"https:\/\/www.regionalis.shop\/wurmis-holzdeko\/wp-json\/wp\/v2\/media?parent=1068"}],"wp:term":[{"taxonomy":"product_brand","embeddable":true,"href":"https:\/\/www.regionalis.shop\/wurmis-holzdeko\/wp-json\/wp\/v2\/product_brand?post=1068"},{"taxonomy":"product_cat","embeddable":true,"href":"https:\/\/www.regionalis.shop\/wurmis-holzdeko\/wp-json\/wp\/v2\/product_cat?post=1068"},{"taxonomy":"product_tag","embeddable":true,"href":"https:\/\/www.regionalis.shop\/wurmis-holzdeko\/wp-json\/wp\/v2\/product_tag?post=1068"}],"curies":[{"name":"wp","href":"https:\/\/api.w.org\/{rel}","templated":true}]}}