{"id":1079,"date":"2025-04-18T04:02:25","date_gmt":"2025-04-18T02:02:25","guid":{"rendered":"https:\/\/www.regionalis.shop\/wurmis-holzdeko\/product\/haengeohrringe-mandala-flower\/"},"modified":"2025-11-29T19:44:19","modified_gmt":"2025-11-29T18:44:19","slug":"haengeohrringe-mandala-flower","status":"publish","type":"product","link":"https:\/\/www.regionalis.shop\/wurmis-holzdeko\/shop\/haengeohrringe-mandala-flower\/","title":{"rendered":"H\u00e4ngeohrringe Mandala Flower"},"content":{"rendered":"<p>&#8212; Edle und moderne H\u00e4ngeohrringe aus massivem Nussholz. &#8212;<\/p>\n<p>Durchmesser 30 mm<br \/>\nNussholz<br \/>\nEdelstahlstecker<br \/>\nHandgestempelte Schachtel incl. Halter<br \/>\nJedes St\u00fcck wird mit sehr viel Liebe und Sorgfalt hergestellt, durch die individuelle Holzmaserung gleicht kein St\u00fcck dem anderen. <\/p>\n<p>Holz ist ein Naturprodukt und so ist jedes St\u00fcck ein Unikat!<\/p>\n","protected":false},"excerpt":{"rendered":"<p>&#8212; Edle und moderne H\u00e4ngeohrringe aus massivem Nussholz. &#8212; Durchmesser 30 mm Nussholz Edelstahlstecker Handgestempelte Schachtel incl. Halter Jedes St\u00fcck wird mit sehr viel Liebe und Sorgfalt hergestellt, durch die individuelle Holzmaserung gleicht kein St\u00fcck dem anderen. Holz ist ein Naturprodukt und so ist jedes St\u00fcck ein Unikat!<\/p>\n","protected":false},"featured_media":1080,"template":"","meta":{"_acf_changed":false},"product_brand":[],"product_cat":[163,70],"product_tag":[],"class_list":{"0":"post-1079","1":"product","2":"type-product","3":"status-publish","4":"has-post-thumbnail","6":"product_cat-ohrringe","7":"product_cat-schmuck","9":"first","10":"outofstock","11":"purchasable","12":"product-type-simple"},"acf":[],"_links":{"self":[{"href":"https:\/\/www.regionalis.shop\/wurmis-holzdeko\/wp-json\/wp\/v2\/product\/1079","targetHints":{"allow":["GET"]}}],"collection":[{"href":"https:\/\/www.regionalis.shop\/wurmis-holzdeko\/wp-json\/wp\/v2\/product"}],"about":[{"href":"https:\/\/www.regionalis.shop\/wurmis-holzdeko\/wp-json\/wp\/v2\/types\/product"}],"wp:featuredmedia":[{"embeddable":true,"href":"https:\/\/www.regionalis.shop\/wurmis-holzdeko\/wp-json\/wp\/v2\/media\/1080"}],"wp:attachment":[{"href":"https:\/\/www.regionalis.shop\/wurmis-holzdeko\/wp-json\/wp\/v2\/media?parent=1079"}],"wp:term":[{"taxonomy":"product_brand","embeddable":true,"href":"https:\/\/www.regionalis.shop\/wurmis-holzdeko\/wp-json\/wp\/v2\/product_brand?post=1079"},{"taxonomy":"product_cat","embeddable":true,"href":"https:\/\/www.regionalis.shop\/wurmis-holzdeko\/wp-json\/wp\/v2\/product_cat?post=1079"},{"taxonomy":"product_tag","embeddable":true,"href":"https:\/\/www.regionalis.shop\/wurmis-holzdeko\/wp-json\/wp\/v2\/product_tag?post=1079"}],"curies":[{"name":"wp","href":"https:\/\/api.w.org\/{rel}","templated":true}]}}