{"id":1085,"date":"2025-04-18T04:02:25","date_gmt":"2025-04-18T02:02:25","guid":{"rendered":"https:\/\/www.regionalis.shop\/wurmis-holzdeko\/product\/haengeohrringe-feather\/"},"modified":"2025-11-29T19:44:19","modified_gmt":"2025-11-29T18:44:19","slug":"haengeohrringe-feather","status":"publish","type":"product","link":"https:\/\/www.regionalis.shop\/wurmis-holzdeko\/shop\/haengeohrringe-feather\/","title":{"rendered":"H\u00e4ngeohrringe Feather"},"content":{"rendered":"<p>&#8212; Edle und moderne H\u00e4ngeohrringe aus massivem Nussholz. &#8212;<\/p>\n<p>Abmessung ca. 50&#215;20 mm<br \/>\nNussholz<br \/>\nEdelstahlstecker<br \/>\nHandgestempelte Schachtel incl. Halter<br \/>\nJedes St\u00fcck wird mit sehr viel Liebe und Sorgfalt hergestellt, durch die individuelle Holzmaserung gleicht kein St\u00fcck dem anderen. <\/p>\n<p>Holz ist ein Naturprodukt und so ist jedes St\u00fcck ein Unikat!<\/p>\n","protected":false},"excerpt":{"rendered":"<p>&#8212; Edle und moderne H\u00e4ngeohrringe aus massivem Nussholz. &#8212; Abmessung ca. 50&#215;20 mm Nussholz Edelstahlstecker Handgestempelte Schachtel incl. Halter Jedes St\u00fcck wird mit sehr viel Liebe und Sorgfalt hergestellt, durch die individuelle Holzmaserung gleicht kein St\u00fcck dem anderen. Holz ist ein Naturprodukt und so ist jedes St\u00fcck ein Unikat!<\/p>\n","protected":false},"featured_media":1086,"template":"","meta":{"_acf_changed":false},"product_brand":[],"product_cat":[163,70],"product_tag":[],"class_list":{"0":"post-1085","1":"product","2":"type-product","3":"status-publish","4":"has-post-thumbnail","6":"product_cat-ohrringe","7":"product_cat-schmuck","9":"first","10":"outofstock","11":"purchasable","12":"product-type-simple"},"acf":[],"_links":{"self":[{"href":"https:\/\/www.regionalis.shop\/wurmis-holzdeko\/wp-json\/wp\/v2\/product\/1085","targetHints":{"allow":["GET"]}}],"collection":[{"href":"https:\/\/www.regionalis.shop\/wurmis-holzdeko\/wp-json\/wp\/v2\/product"}],"about":[{"href":"https:\/\/www.regionalis.shop\/wurmis-holzdeko\/wp-json\/wp\/v2\/types\/product"}],"wp:featuredmedia":[{"embeddable":true,"href":"https:\/\/www.regionalis.shop\/wurmis-holzdeko\/wp-json\/wp\/v2\/media\/1086"}],"wp:attachment":[{"href":"https:\/\/www.regionalis.shop\/wurmis-holzdeko\/wp-json\/wp\/v2\/media?parent=1085"}],"wp:term":[{"taxonomy":"product_brand","embeddable":true,"href":"https:\/\/www.regionalis.shop\/wurmis-holzdeko\/wp-json\/wp\/v2\/product_brand?post=1085"},{"taxonomy":"product_cat","embeddable":true,"href":"https:\/\/www.regionalis.shop\/wurmis-holzdeko\/wp-json\/wp\/v2\/product_cat?post=1085"},{"taxonomy":"product_tag","embeddable":true,"href":"https:\/\/www.regionalis.shop\/wurmis-holzdeko\/wp-json\/wp\/v2\/product_tag?post=1085"}],"curies":[{"name":"wp","href":"https:\/\/api.w.org\/{rel}","templated":true}]}}