{"id":1109,"date":"2025-04-18T01:10:57","date_gmt":"2025-04-17T23:10:57","guid":{"rendered":"https:\/\/www.regionalis.shop\/wurmis-holzdeko\/product\/gluecksbringer-emoji-haeufchen\/"},"modified":"2025-11-29T19:44:23","modified_gmt":"2025-11-29T18:44:23","slug":"gluecksbringer-emoji-haeufchen","status":"publish","type":"product","link":"https:\/\/www.regionalis.shop\/wurmis-holzdeko\/shop\/gluecksbringer-emoji-haeufchen\/","title":{"rendered":"Gl\u00fccksbringer Emoji &#8211; H\u00e4ufchen"},"content":{"rendered":"<p>ABSOLUT EINZIGARTIG &#8211; dieser Emoji Gl\u00fccksbringer f\u00fcr 2022!<\/p>\n<p>Garantiert ein Schmunzeln beim Beschenkten \ud83d\ude09<\/p>\n<p>Das Jahr 2020 war bestimmt kein leichtes, deshalb auf ein &#8222;XXXei\u00df&#8220; geiles 2022 \ud83d\ude09<\/p>\n","protected":false},"excerpt":{"rendered":"<p>ABSOLUT EINZIGARTIG &#8211; dieser Emoji Gl\u00fccksbringer f\u00fcr 2022! Garantiert ein Schmunzeln beim Beschenkten \ud83d\ude09 Das Jahr 2020 war bestimmt kein leichtes, deshalb auf ein &#8222;XXXei\u00df&#8220; geiles 2022 \ud83d\ude09<\/p>\n","protected":false},"featured_media":1110,"template":"","meta":{"_acf_changed":false},"product_brand":[],"product_cat":[162,83],"product_tag":[],"class_list":{"0":"post-1109","1":"product","2":"type-product","3":"status-publish","4":"has-post-thumbnail","6":"product_cat-null","7":"product_cat-sonstiges","9":"first","10":"outofstock","11":"purchasable","12":"product-type-simple"},"acf":[],"_links":{"self":[{"href":"https:\/\/www.regionalis.shop\/wurmis-holzdeko\/wp-json\/wp\/v2\/product\/1109","targetHints":{"allow":["GET"]}}],"collection":[{"href":"https:\/\/www.regionalis.shop\/wurmis-holzdeko\/wp-json\/wp\/v2\/product"}],"about":[{"href":"https:\/\/www.regionalis.shop\/wurmis-holzdeko\/wp-json\/wp\/v2\/types\/product"}],"wp:featuredmedia":[{"embeddable":true,"href":"https:\/\/www.regionalis.shop\/wurmis-holzdeko\/wp-json\/wp\/v2\/media\/1110"}],"wp:attachment":[{"href":"https:\/\/www.regionalis.shop\/wurmis-holzdeko\/wp-json\/wp\/v2\/media?parent=1109"}],"wp:term":[{"taxonomy":"product_brand","embeddable":true,"href":"https:\/\/www.regionalis.shop\/wurmis-holzdeko\/wp-json\/wp\/v2\/product_brand?post=1109"},{"taxonomy":"product_cat","embeddable":true,"href":"https:\/\/www.regionalis.shop\/wurmis-holzdeko\/wp-json\/wp\/v2\/product_cat?post=1109"},{"taxonomy":"product_tag","embeddable":true,"href":"https:\/\/www.regionalis.shop\/wurmis-holzdeko\/wp-json\/wp\/v2\/product_tag?post=1109"}],"curies":[{"name":"wp","href":"https:\/\/api.w.org\/{rel}","templated":true}]}}