{"id":1129,"date":"2025-04-18T00:06:15","date_gmt":"2025-04-17T22:06:15","guid":{"rendered":"https:\/\/www.regionalis.shop\/wurmis-holzdeko\/product\/weihnachten-ueberraschungspaket\/"},"modified":"2025-11-29T19:44:47","modified_gmt":"2025-11-29T18:44:47","slug":"weihnachten-ueberraschungspaket","status":"publish","type":"product","link":"https:\/\/www.regionalis.shop\/wurmis-holzdeko\/shop\/weihnachten-ueberraschungspaket\/","title":{"rendered":"Weihnachten \u00dcberraschungspaket"},"content":{"rendered":"<p>&#8211;Absolut einzigartiges Angebot!&#8211;<\/p>\n<p>Hol dir jetzt Deine Weihnachten &#8211; \u00dcberraschungsbox! <\/p>\n<p>Du w\u00e4hlst Dir Dein Wunsch Holz- Notizbuch aus und zus\u00e4tzlich erh\u00e4ltst Du Produkte aus unsrem Sortiment. <\/p>\n<p>Die Boxen werden mit unterschiedlichsten Dingen wie Christbaum Schmuck, Geschenkanh\u00e4nger, Weihnachtsdeko, Gl\u00fccksbringer, Teelichhalter, usw. gef\u00fcllt. <\/p>\n<p>Foto ist ein Symbolbild und zeigt Produkte unseres Sortimentes &#8211; nicht den tats\u00e4chlichen Inhalt.<br \/>\n Der Gesamtwert des Paketes \u00fcbersteigt den tats\u00e4chlichen Preis. Produkt ist vom Umtausch ausgeschlossen.<\/p>\n","protected":false},"excerpt":{"rendered":"<p>&#8211;Absolut einzigartiges Angebot!&#8211; Hol dir jetzt Deine Weihnachten &#8211; \u00dcberraschungsbox! Du w\u00e4hlst Dir Dein Wunsch Holz- Notizbuch aus und zus\u00e4tzlich erh\u00e4ltst Du Produkte aus unsrem Sortiment. Die Boxen werden mit unterschiedlichsten Dingen wie Christbaum Schmuck, Geschenkanh\u00e4nger, Weihnachtsdeko, Gl\u00fccksbringer, Teelichhalter, usw. gef\u00fcllt. Foto ist ein Symbolbild und zeigt Produkte unseres Sortimentes &#8211; nicht den tats\u00e4chlichen Inhalt. &hellip; <a href=\"https:\/\/www.regionalis.shop\/wurmis-holzdeko\/shop\/weihnachten-ueberraschungspaket\/\">Continued<\/a><\/p>\n","protected":false},"featured_media":1130,"template":"","meta":{"_acf_changed":false},"product_brand":[],"product_cat":[173,103],"product_tag":[],"class_list":{"0":"post-1129","1":"product","2":"type-product","3":"status-publish","4":"has-post-thumbnail","6":"product_cat-weihnachten","7":"product_cat-wohnen-deko","9":"first","10":"outofstock","11":"purchasable","12":"product-type-simple"},"acf":[],"_links":{"self":[{"href":"https:\/\/www.regionalis.shop\/wurmis-holzdeko\/wp-json\/wp\/v2\/product\/1129","targetHints":{"allow":["GET"]}}],"collection":[{"href":"https:\/\/www.regionalis.shop\/wurmis-holzdeko\/wp-json\/wp\/v2\/product"}],"about":[{"href":"https:\/\/www.regionalis.shop\/wurmis-holzdeko\/wp-json\/wp\/v2\/types\/product"}],"wp:featuredmedia":[{"embeddable":true,"href":"https:\/\/www.regionalis.shop\/wurmis-holzdeko\/wp-json\/wp\/v2\/media\/1130"}],"wp:attachment":[{"href":"https:\/\/www.regionalis.shop\/wurmis-holzdeko\/wp-json\/wp\/v2\/media?parent=1129"}],"wp:term":[{"taxonomy":"product_brand","embeddable":true,"href":"https:\/\/www.regionalis.shop\/wurmis-holzdeko\/wp-json\/wp\/v2\/product_brand?post=1129"},{"taxonomy":"product_cat","embeddable":true,"href":"https:\/\/www.regionalis.shop\/wurmis-holzdeko\/wp-json\/wp\/v2\/product_cat?post=1129"},{"taxonomy":"product_tag","embeddable":true,"href":"https:\/\/www.regionalis.shop\/wurmis-holzdeko\/wp-json\/wp\/v2\/product_tag?post=1129"}],"curies":[{"name":"wp","href":"https:\/\/api.w.org\/{rel}","templated":true}]}}