{"id":1158,"date":"2025-04-17T23:31:21","date_gmt":"2025-04-17T21:31:21","guid":{"rendered":"https:\/\/www.regionalis.shop\/wurmis-holzdeko\/product\/ohrstecker-lebensbaum\/"},"modified":"2025-11-29T19:44:50","modified_gmt":"2025-11-29T18:44:50","slug":"ohrstecker-lebensbaum","status":"publish","type":"product","link":"https:\/\/www.regionalis.shop\/wurmis-holzdeko\/shop\/ohrstecker-lebensbaum\/","title":{"rendered":"Ohrstecker Lebensbaum"},"content":{"rendered":"<p>&#8211;Ohrstecker hergestellt aus Kirschholz.&#8211;<\/p>\n<p>Durchmesser \u00d8 14mm<br \/>\nKirschholz<br \/>\nEdelstahlstecker inkl. Verschluss<br \/>\nJedes St\u00fcck wird mit sehr viel Liebe und Sorgfalt hergestellt, durch die individuelle Holzmaserung gleicht kein St\u00fcck dem anderem. Die Gravur bzw. das Motiv ist bei den Ohrsteckern ident. <\/p>\n<p>Holz ist ein Naturprodukt und so ist jedes St\u00fcck ein Unikat!<\/p>\n","protected":false},"excerpt":{"rendered":"<p>&#8211;Ohrstecker hergestellt aus Kirschholz.&#8211; Durchmesser \u00d8 14mm Kirschholz Edelstahlstecker inkl. Verschluss Jedes St\u00fcck wird mit sehr viel Liebe und Sorgfalt hergestellt, durch die individuelle Holzmaserung gleicht kein St\u00fcck dem anderem. Die Gravur bzw. das Motiv ist bei den Ohrsteckern ident. Holz ist ein Naturprodukt und so ist jedes St\u00fcck ein Unikat!<\/p>\n","protected":false},"featured_media":1159,"template":"","meta":{"_acf_changed":false},"product_brand":[],"product_cat":[163,70],"product_tag":[],"class_list":{"0":"post-1158","1":"product","2":"type-product","3":"status-publish","4":"has-post-thumbnail","6":"product_cat-ohrringe","7":"product_cat-schmuck","9":"first","10":"outofstock","11":"purchasable","12":"product-type-simple"},"acf":[],"_links":{"self":[{"href":"https:\/\/www.regionalis.shop\/wurmis-holzdeko\/wp-json\/wp\/v2\/product\/1158","targetHints":{"allow":["GET"]}}],"collection":[{"href":"https:\/\/www.regionalis.shop\/wurmis-holzdeko\/wp-json\/wp\/v2\/product"}],"about":[{"href":"https:\/\/www.regionalis.shop\/wurmis-holzdeko\/wp-json\/wp\/v2\/types\/product"}],"wp:featuredmedia":[{"embeddable":true,"href":"https:\/\/www.regionalis.shop\/wurmis-holzdeko\/wp-json\/wp\/v2\/media\/1159"}],"wp:attachment":[{"href":"https:\/\/www.regionalis.shop\/wurmis-holzdeko\/wp-json\/wp\/v2\/media?parent=1158"}],"wp:term":[{"taxonomy":"product_brand","embeddable":true,"href":"https:\/\/www.regionalis.shop\/wurmis-holzdeko\/wp-json\/wp\/v2\/product_brand?post=1158"},{"taxonomy":"product_cat","embeddable":true,"href":"https:\/\/www.regionalis.shop\/wurmis-holzdeko\/wp-json\/wp\/v2\/product_cat?post=1158"},{"taxonomy":"product_tag","embeddable":true,"href":"https:\/\/www.regionalis.shop\/wurmis-holzdeko\/wp-json\/wp\/v2\/product_tag?post=1158"}],"curies":[{"name":"wp","href":"https:\/\/api.w.org\/{rel}","templated":true}]}}